{"id":24728,"date":"2021-01-29T14:15:16","date_gmt":"2021-01-29T13:15:16","guid":{"rendered":"https:\/\/pjama.eu\/product\/pjama-dryguardians-larmsensor\/"},"modified":"2025-12-27T15:45:59","modified_gmt":"2025-12-27T14:45:59","slug":"pjama-dryguardians-larmsensor","status":"publish","type":"product","link":"https:\/\/pjama.eu\/sv\/produkt\/pjama-dryguardians-larmsensor\/","title":{"rendered":"Pjama DryGuardians Larmsensor"},"content":{"rendered":"<h3>Pjama DryGuardians Larmsensor<\/h3>\n<h4>Behandling med sensor och app<\/h4>\n<p>S\u00e4ngv\u00e4tningslarm \u00e4r ett effektivt verktyg f\u00f6r att behandla s\u00e4ngv\u00e4tning och nattlig enures hos b\u00e5de barn och vuxna. Forskning visar att cirka 70% av de personer som genomg\u00e5r behandling med ett S\u00e4ngv\u00e4tningslarm blir helt botade, f\u00f6rutsatt att de h\u00e5ller sig motiverade och f\u00f6ljer behandlingen konsekvent under hela perioden. <\/p>\n<p>Pjama DryGuardians Larmsensor fungerar med alla Pjama-behandlingsplagg, inklusive byxor, shorts och underkl\u00e4der <em>(s\u00e4ljs separat).<\/em><\/p>\n<p>Systemet best\u00e5r av en sensor som f\u00e4sts p\u00e5 Pjama-plagg och anv\u00e4nds tillsammans med en smartphone som k\u00f6r DryGuardians App. N\u00e4r sensorn k\u00e4nner av fukt utl\u00f6ses ett larm i telefonen som v\u00e4cker anv\u00e4ndaren. Konsekvent anv\u00e4ndning hj\u00e4lper till att bryta vanan med s\u00e4ngv\u00e4tning (nattlig enures).  <\/p>\n<p>Med <a href=\"https:\/\/pjama.eu\/sv\/\">behandlingskitet<\/a> Pjama, som inneh\u00e5ller gr\u00e5 behandlingsbyxor eller -shorts, f\u00e5r du b\u00e5de skydd och behandling i ett. Plaggen h\u00e5ller s\u00e4ngen torr medan larmet hj\u00e4lper till att skapa nya rutiner. F\u00f6r \u00f6vernattningar m\u00f6jligg\u00f6r DryGuardians App diskreta vibrationer ist\u00e4llet f\u00f6r h\u00f6gljudda larm, vilket g\u00f6r det perfekt f\u00f6r barn som vill delta i \u00f6vernattningar utan att avbryta behandlingen.  <\/p>\n<h4>Hur fungerar Pjama DryGuardians Larmsensor?<\/h4>\n<p>Sensorn och smarttelefonen fungerar tillsammans som ett komplett system f\u00f6r S\u00e4ngv\u00e4tningslarm, utformat f\u00f6r att hj\u00e4lpa barn och vuxna. Sensorn f\u00e4sts p\u00e5 Pjama DryGuardians plagg och ansluts till DryGuardians app. Den aktiveras vid kontakt med fukt, vilket omedelbart avbryter s\u00e4ngv\u00e4tningen och tr\u00e4nar hj\u00e4rnan att reagera p\u00e5 kroppens signaler.  <\/p>\n<p>Plaggen har insydda sensortr\u00e5dar, vilket \u00f6kar detekteringsomr\u00e5det. Detta s\u00e4kerst\u00e4ller tillf\u00f6rlitlig detektering oavsett urinens placering eller sovst\u00e4llning. Detta \u00e4r s\u00e4rskilt v\u00e4rdefullt f\u00f6r pojkar, men lika effektivt f\u00f6r flickor, s\u00e4rskilt f\u00f6r dem som ofta sover p\u00e5 rygg.  <\/p>\n<h4>Funktioner och f\u00f6rdelar<\/h4>\n<ul>\n<li><strong>Effektiv behandling:<\/strong> Hj\u00e4lper b\u00e5de barn och vuxna med nattlig enures.<\/li>\n<li><strong>Idealisk f\u00f6r \u00f6vernattning:<\/strong> Anv\u00e4nd sensorn med DryGuardians-appen f\u00f6r diskret behandling.<\/li>\n<li><strong>Tr\u00e5dl\u00f6s anslutning:<\/strong> Telefonen kan placeras 5-20 meter bort, beroende p\u00e5 modell.<\/li>\n<li><strong>Meddelanden till f\u00f6r\u00e4lder:<\/strong> Koppla larmet till en f\u00f6r\u00e4lders telefon f\u00f6r omedelbara varningar.<\/li>\n<li><strong>Stort detekteringsomr\u00e5de:<\/strong> Uppt\u00e4cker snabbt fukt oavsett sovposition.<\/li>\n<\/ul>\n<h4>Sk\u00f6tsel av sensorer<\/h4>\n<p><span style=\"font-weight: 400;\">F\u00f6r b\u00e4sta prestanda ska sensorn alltid tas bort och torkas efter anv\u00e4ndning.<\/span><span style=\"font-weight: 400;\"> <\/span><span style=\"font-weight: 400;\">Undvik att l\u00e5ta den sitta fast p\u00e5 ett v\u00e5tt plagg &#8211; det f\u00f6rhindrar korrosion och f\u00f6rl\u00e4nger batteriets livsl\u00e4ngd.<\/span><\/p>\n<h4>F\u00f6lj upp framsteg med DryGuardians-appen<\/h4>\n<p>Med DryGuardians App kan du enkelt logga olyckor, f\u00f6lja behandlingsf\u00f6rloppet och f\u00e5 personliga rekommendationer utvecklade med svensk sjukv\u00e5rd. Appen hj\u00e4lper dig eller ditt barn att h\u00e5lla motivationen uppe och ger v\u00e4rdefull information som du kan dela med dig av till en l\u00e4kare vid behov. <\/p>\n<h4>Praktiska tips f\u00f6r anv\u00e4ndning<\/h4>\n<ul>\n<li>Se till att plaggen sitter ordentligt och v\u00e4lj en l\u00e4mplig larmton i appen.<\/li>\n<li>L\u00e4r ditt barn hur larmet fungerar och g\u00f6r det delaktigt i processen.<\/li>\n<li>N\u00e4r larmet utl\u00f6ses, hj\u00e4lp barnet att vakna och g\u00e5 p\u00e5 toaletten.<\/li>\n<li>Tv\u00e4tta Pjama-plagg enligt sk\u00f6tselanvisningarna f\u00f6r att bibeh\u00e5lla kvaliteten.<\/li>\n<\/ul>\n<h4>Motivation och t\u00e5lamod \u00e4r nyckeln<\/h4>\n<p>Att behandla s\u00e4ngv\u00e4tning kr\u00e4ver t\u00e5lamod, konsekvens och uppmuntran. F\u00f6r\u00e4ldrar b\u00f6r ge positiv feedback och fira sm\u00e5 milstolpar l\u00e4ngs v\u00e4gen. Det slutliga m\u00e5let \u00e4r torrhet utan hj\u00e4lpmedel, och verktyg som Pjama DryGuardians Larmsensor kan g\u00f6ra resan smidigare.  <\/p>\n<p>F\u00f6r mer information om behandlingsl\u00f6sningar f\u00f6r enures, bes\u00f6k v\u00e5r <a href=\"https:\/\/pjama.eu\/sv\/\">webbplats<\/a> eller ladda ner manualen <a href=\"https:\/\/pjama.eu\/sv\/produkt-manualer\/\">h\u00e4r.<\/a><\/p>\n<footer>\u00a9 2024 Pjama.<\/footer>\n","protected":false},"excerpt":{"rendered":"<h3>Fuktsensor f\u00f6r anslutning av DryGuardians s\u00f6mnkl\u00e4der och underkl\u00e4der till larmet.<\/h3>\n<p>Pjama DryGuardians Larmsensor ing\u00e5r:<\/p>\n<ul>\n<li>Sensor som f\u00e4sts med tryckknappar<\/li>\n<li>DryGuardians App som larmenhet<\/li>\n<\/ul>\n<p>Sensorn f\u00e4sts p\u00e5 Pjama-byxor, shorts, boxershorts eller kalsonger och \u00e4r ett enkelt, effektivt och s\u00e4kert s\u00e4tt att behandla s\u00e4ngv\u00e4tningsbyxor och enures.<\/p>\n<p>F\u00f6r att anv\u00e4nda enureslarmet med din smartphone, ladda ner <strong>DryGuardians App<\/strong> gratis fr\u00e5n <a href=\"https:\/\/play.google.com\/store\/apps\/details?id=com.pjama&amp;hl=sv&amp;gl=SE\">Google Play<\/a> eller <a href=\"https:\/\/apps.apple.com\/se\/app\/dryguardians\/id1498084664\">App Store<\/a>.<\/p>\n","protected":false},"featured_media":22862,"template":"","meta":{"_et_pb_use_builder":"","_et_pb_old_content":"","_et_gb_content_width":""},"product_brand":[],"product_cat":[309],"product_tag":[],"class_list":{"0":"post-24728","1":"product","2":"type-product","3":"status-publish","4":"has-post-thumbnail","6":"product_cat-tillbehor_2025","7":"product_shipping_class-eu","9":"first","10":"onbackorder","11":"taxable","12":"shipping-taxable","13":"purchasable","14":"product-type-simple"},"composite_virtual":false,"composite_layout":"","composite_add_to_cart_form_location":"","composite_editable_in_cart":false,"composite_sold_individually_context":"","composite_shop_price_calc":"","composite_components":[],"composite_scenarios":[],"_links":{"self":[{"href":"https:\/\/pjama.eu\/sv\/wp-json\/wp\/v2\/product\/24728","targetHints":{"allow":["GET"]}}],"collection":[{"href":"https:\/\/pjama.eu\/sv\/wp-json\/wp\/v2\/product"}],"about":[{"href":"https:\/\/pjama.eu\/sv\/wp-json\/wp\/v2\/types\/product"}],"wp:featuredmedia":[{"embeddable":true,"href":"https:\/\/pjama.eu\/sv\/wp-json\/wp\/v2\/media\/22862"}],"wp:attachment":[{"href":"https:\/\/pjama.eu\/sv\/wp-json\/wp\/v2\/media?parent=24728"}],"wp:term":[{"taxonomy":"product_brand","embeddable":true,"href":"https:\/\/pjama.eu\/sv\/wp-json\/wp\/v2\/product_brand?post=24728"},{"taxonomy":"product_cat","embeddable":true,"href":"https:\/\/pjama.eu\/sv\/wp-json\/wp\/v2\/product_cat?post=24728"},{"taxonomy":"product_tag","embeddable":true,"href":"https:\/\/pjama.eu\/sv\/wp-json\/wp\/v2\/product_tag?post=24728"}],"curies":[{"name":"wp","href":"https:\/\/api.w.org\/{rel}","templated":true}]}}