{"id":24767,"date":"2021-01-29T14:39:48","date_gmt":"2021-01-29T13:39:48","guid":{"rendered":"https:\/\/pjama.eu\/product\/pjama-dryguardians-larmhogtalare\/"},"modified":"2025-12-27T15:36:02","modified_gmt":"2025-12-27T14:36:02","slug":"pjama-dryguardians-larmhogtalare","status":"publish","type":"product","link":"https:\/\/pjama.eu\/sv\/produkt\/pjama-dryguardians-larmhogtalare\/","title":{"rendered":"Pjama DryGuardians Larmh\u00f6gtalare"},"content":{"rendered":"<h3>Pjama DryGuardians Larmh\u00f6gtalare<\/h3>\n<p>Pjama DryGuardians Larmh\u00f6gtalare fungerar med b\u00e5de Pjama <a href=\"https:\/\/pjama.eu\/sv\/produkt\/pjama-dryguardians-fristaende-larmsensor\/\">DryGuardians Frist<\/a> \u00e5ende Larmsensor och Pjama DryGuardians <a href=\"https:\/\/pjama.eu\/sv\/produkt\/pjama-dryguardians-larmsensor\/\">Larmsensor<\/a> f\u00f6r Pjama behandlingsbyxor, shorts och underkl\u00e4der.<br \/>\n<a href=\"https:\/\/pjama.eu\/sv\/storleksguide\/\">Storleksguide<\/a>.<\/p>\n<h4>En del av Pjama S\u00e4ngv\u00e4tningslarmsystem<\/h4>\n<p>Pjama DryGuardians Larmh\u00f6gtalare kan kopplas ihop med Pjama DryGuardians Larmsensor som anv\u00e4nds i behandlingsbyxor, shorts och underkl\u00e4der. Med h\u00f6gtalaren kan du v\u00e4lja larmtoner, justera volymen och para ihop med flera sensorer. H\u00f6gtalaren laddas med den medf\u00f6ljande USB-kabeln. F\u00f6r ytterligare ljudenheter kan f\u00f6r\u00e4ldrar ocks\u00e5 anv\u00e4nda larmfunktionen i DryGuardians App. Ladda ner <strong>DryGuardians-appen<\/strong> fr\u00e5n <a href=\"https:\/\/play.google.com\/store\/apps\/details?id=com.pjama&amp;hl=sv&amp;gl=SE\" target=\"_blank\" rel=\"noopener\">Google Play<\/a> eller <a href=\"https:\/\/apps.apple.com\/se\/app\/dryguardians\/id1498084664\" target=\"_blank\" rel=\"noopener\">App Store<\/a>.    <\/p>\n<h4>Denna produkt inkluderar:<\/h4>\n<ul>\n<li>1 \u00d7 Pjama DryGuardians Larmh\u00f6gtalare<\/li>\n<\/ul>\n<h4>Anv\u00e4ndning<\/h4>\n<p>Placera Pjama DryGuardians Larmsensor inom 10 meter fr\u00e5n sensorn f\u00f6r b\u00e4sta resultat. N\u00e4r larmet ljuder kan ditt barn stoppa det genom att trycka p\u00e5 &#8221;ON&#8221;-knappen ovanp\u00e5 h\u00f6gtalaren. F\u00f6r att anv\u00e4nda larmet med din smartphone, ladda ner DryGuardians App fr\u00e5n <a href=\"https:\/\/play.google.com\/store\/apps\/details?id=com.pjama&amp;hl=sv&amp;gl=SE\" target=\"_blank\" rel=\"noopener\">Google Play<\/a> eller <a href=\"https:\/\/apps.apple.com\/se\/app\/dryguardians\/id1498084664\" target=\"_blank\" rel=\"noopener\">App Store<\/a>.<\/p>\n<h4>Koppling till sensor<\/h4>\n<p>Para ihop sensorn med Pjama DryGuardians Larmh\u00f6gtalare genom att trycka p\u00e5 knapparna &#8221;volym&#8221; och &#8221;ton&#8221; samtidigt i 3 sekunder. Kortslut sedan sensorn genom att placera ett metallf\u00f6rem\u00e5l (kniv eller sax) \u00f6ver knapparna, eller anv\u00e4nd en vattendroppe p\u00e5 ytan f\u00f6r knappl\u00f6sa sensorer. Efter 3-5 sekunder h\u00f6rs ett ljud fr\u00e5n h\u00f6gtalaren som bekr\u00e4ftar att parkopplingen har lyckats.  <\/p>\n<h4>Produktinformation<\/h4>\n<ul>\n<li><em>F\u00e4rg:<\/em> Ljusbl\u00e5<\/li>\n<li><em>M\u00e5tt (B \u00d7 H \u00d7 D):<\/em> 11 \u00d7 7 \u00d7 3 cm<\/li>\n<li><em>Laddning:<\/em> USB-laddare (medf\u00f6ljer)<\/li>\n<li><em>Laddningstid:<\/em> Dator: 4-6 timmar \/ AC-adapter 5V1,0A: 3 timmar<\/li>\n<li><em>Volym:<\/em> Justerbar<\/li>\n<li><em>Larmsignaler:<\/em> 7 typer<\/li>\n<li>Fullst\u00e4ndig manual tillg\u00e4nglig p\u00e5 v\u00e5r <a href=\"https:\/\/pjama.eu\/sv\/produkt-manualer\/\">webbplats<\/a>.<\/li>\n<li>L\u00e4s mer om s\u00e4ngv\u00e4tning <a href=\"https:\/\/pjama.eu\/sv\/vad-ar-enures\/\">h\u00e4r.<\/a><\/li>\n<\/ul>\n<h4>F\u00f6lj upp framsteg med DryGuardians-appen<\/h4>\n<p>DryGuardians app inneh\u00e5ller en kalender f\u00f6r loggning, larmfunktioner, flera signaler och anv\u00e4ndbara tips. Du kan \u00e4ven st\u00e4lla in dagslarm f\u00f6r barn som l\u00e4cker under dagen. Appen \u00e4r gratis att ladda ner och kopplar dig till DryGuardians s\u00e4ngv\u00e4tningsklinik, som erbjuder personlig v\u00e4gledning och behandlingstips. Gl\u00f6m inte att logga resultaten varje kv\u00e4ll f\u00f6r att f\u00f6lja utvecklingen och dela insikter med v\u00e5rdgivarna.   <\/p>\n<h4>Behandlingen kr\u00e4ver motivation och t\u00e5lamod<\/h4>\n<p>T\u00e5lamod \u00e4r viktigt n\u00e4r man behandlar s\u00e4ngv\u00e4tning. Slutm\u00e5let \u00e4r en torr s\u00e4ng utan hj\u00e4lpmedel, men genom att s\u00e4tta upp mindre delm\u00e5l l\u00e4ngs v\u00e4gen blir resan mer hanterbar. F\u00f6r\u00e4ldrarna spelar en viktig roll genom att h\u00e5lla barnen motiverade med uppmuntran och positiv feedback. Var konsekvent och l\u00e5t Pjama DryGuardians Larmh\u00f6gtalare och app vara en del av resan mot torrhet.   <\/p>\n<footer>\u00a9 2024 Pjama.<\/footer>\n","protected":false},"excerpt":{"rendered":"<h3><span data-sheets-root=\"1\">Extern h\u00f6gtalare f\u00f6r s\u00e4ker v\u00e4ckning med larmet &#8211; en del av DryGuardians-metoden<\/span><\/h3>\n<p>En extra h\u00f6gtalare f\u00f6r Pjama S\u00e4ngv\u00e4tningslarm.<\/p>\n<p>Fungerar med b\u00e5de Pjama Connect S\u00e4ngv\u00e4tningslarm och Pjama DryGuardians Larmsensor f\u00f6r behandlingsbyxor, shorts, kalsonger och boxershorts.<\/p>\n","protected":false},"featured_media":31203,"template":"","meta":{"_et_pb_use_builder":"off","_et_pb_old_content":"<h3>Pjama Speaker<\/h3>\r\nThe Pjama Speaker works with both the <a href=\"https:\/\/pjama.se\/sangvatningslarm\/\">Pjama Connect Bedwetting Alarm<\/a> and the <a href=\"https:\/\/pjama.se\/produkter\/pjama-sensor\/\">Pjama Sensor<\/a> for Pjama treatment pants, shorts, and underwear.\r\n<h4>Part of the Pjama Bedwetting Alarm System<\/h4>\r\nThe Pjama Speaker can be connected to the Pjama Sensor used with treatment pants, shorts, and underwear from Pjama. With the Pjama Speaker, you can choose the alarm signal, adjust the volume, and pair it with different sensors from Pjama. The speaker is charged using the included USB cable. If you want an additional sound unit to, for example, wake you as a parent, you can use the alarm function in the DryGuardians App on your phone. Download the <em>DryGuardians App<\/em> from <a href=\"https:\/\/play.google.com\/store\/apps\/details?id=com.pjama&gl=sv&hl=sv\">Google Play<\/a> or <a href=\"https:\/\/apps.apple.com\/sv\/app\/pjama\/id1498084664?mt=8&l=sv\">App Store<\/a>.\r\n<h4>This Product Includes:<\/h4>\r\n<ul>\r\n \t<li>1 x Pjama Speaker<\/li>\r\n<\/ul>\r\n<h4>Usage<\/h4>\r\nDuring treatment, place the Pjama Speaker within 10 meters of the sensor for best results. When the alarm sounds, your child can easily turn off the alarm by pressing the \"ON\" button on the top of the speaker. To use the bedwetting alarm with your smartphone, you need to download the DryGuardians App from <a href=\"https:\/\/play.google.com\/store\/apps\/details?id=com.pjama\">Google Play<\/a> or <a href=\"https:\/\/apps.apple.com\/se\/app\/pjama\/id1498084664\">App Store<\/a>.\r\n<h4>Pairing with Sensor<\/h4>\r\nPair the sensor with the Pjama Speaker by pressing the \"volume\" and \"tone\" buttons on the speaker unit simultaneously for 3 seconds. Then short-circuit the sensor by placing a metal object such as a knife or scissors on the sensor buttons, or by placing a drop of water on the sensor surface if you have a buttonless sensor. Let the metal object stay on the sensor for about 3-5 seconds, and the speaker will indicate that the sensor is paired by sounding the alarm.\r\n<h4>Product Info<\/h4>\r\n<ul>\r\n \t<li><em>Color: Light Blue<\/em><\/li>\r\n \t<li><em>Dimensions (w-h-d): 11 x 7 x 3 cm<\/em><\/li>\r\n \t<li>Charging: Charges with a USB charger (included)<\/li>\r\n \t<li>Charging time (full charge): Via Computer: 4-6 hrs. Via AC Adapter 5V1.0A: 3 hrs<\/li>\r\n \t<li>Volume: Adjustable<\/li>\r\n \t<li>Alarm Signals: 7 types<\/li>\r\n \t<li>The full manual for the Pjama bedwetting alarm can be found on our <a href=\"https:\/\/pjama.se\/produkt-manualer\/\">website<\/a>.<\/li>\r\n \t<li>Learn more about bedwetting <a href=\"https:\/\/www.rikshandboken-bhv.se\/pediatrik\/uro-genitalt\/sangvatning-hos-barn\/\">here<\/a>.<\/li>\r\n<\/ul>\r\n<h4>Track Your Progress with the DryGuardians App<\/h4>\r\nThe DryGuardians App includes several features. You get access to a calendar for logging, alarm functions, different alarm signals, and general tips and advice to assist with bedwetting treatment. It\u2019s also possible to set daytime alarms for children who experience leaks during the day. The DryGuardians App is free to download from <a href=\"https:\/\/play.google.com\/store\/apps\/details?id=com.pjama&gl=sv&hl=sv\">Google Play<\/a> or <a href=\"https:\/\/apps.apple.com\/sv\/app\/pjama\/id1498084664?mt=8&l=sv\">App Store<\/a>. DryGuardians Bedwetting Clinic gives you personalized tips and guidance through the app during your bedwetting treatment.\r\n\r\nDon\u2019t forget to log the night\u2019s results in the DryGuardians app to keep track of your or your child\u2019s progress. Learn more about the DryGuardians app and bedwetting clinic on our <a href=\"https:\/\/pjama.se\/pjama-sangvatningsklinik\/\">website<\/a>.\r\n<h4>Treatment is a Process Where Motivation and Patience are Key<\/h4>\r\nPatience is key! For faster and long-lasting improvement, patience and motivation are required. If you are a new Pjama user, it\u2019s helpful to keep your ultimate goal in mind \u2013 a dry bed without assistance. If your end goal feels far away, you can set smaller milestones along the way. If you are a parent of a child using Pjama treatment, it\u2019s important to keep the child motivated as well. Provide positive feedback and compliments. If you are motivated, your child will be too! Let Pjama be part of the journey to help your child stay dry!\r\n\r\n\u00a0","_et_gb_content_width":""},"product_brand":[],"product_cat":[309],"product_tag":[],"class_list":{"0":"post-24767","1":"product","2":"type-product","3":"status-publish","4":"has-post-thumbnail","6":"product_cat-tillbehor_2025","7":"product_shipping_class-eu","9":"first","10":"instock","11":"taxable","12":"shipping-taxable","13":"purchasable","14":"product-type-simple"},"composite_virtual":false,"composite_layout":"","composite_add_to_cart_form_location":"","composite_editable_in_cart":false,"composite_sold_individually_context":"","composite_shop_price_calc":"","composite_components":[],"composite_scenarios":[],"_links":{"self":[{"href":"https:\/\/pjama.eu\/sv\/wp-json\/wp\/v2\/product\/24767","targetHints":{"allow":["GET"]}}],"collection":[{"href":"https:\/\/pjama.eu\/sv\/wp-json\/wp\/v2\/product"}],"about":[{"href":"https:\/\/pjama.eu\/sv\/wp-json\/wp\/v2\/types\/product"}],"wp:featuredmedia":[{"embeddable":true,"href":"https:\/\/pjama.eu\/sv\/wp-json\/wp\/v2\/media\/31203"}],"wp:attachment":[{"href":"https:\/\/pjama.eu\/sv\/wp-json\/wp\/v2\/media?parent=24767"}],"wp:term":[{"taxonomy":"product_brand","embeddable":true,"href":"https:\/\/pjama.eu\/sv\/wp-json\/wp\/v2\/product_brand?post=24767"},{"taxonomy":"product_cat","embeddable":true,"href":"https:\/\/pjama.eu\/sv\/wp-json\/wp\/v2\/product_cat?post=24767"},{"taxonomy":"product_tag","embeddable":true,"href":"https:\/\/pjama.eu\/sv\/wp-json\/wp\/v2\/product_tag?post=24767"}],"curies":[{"name":"wp","href":"https:\/\/api.w.org\/{rel}","templated":true}]}}