{"id":24877,"date":"2021-01-29T16:00:19","date_gmt":"2021-01-29T15:00:19","guid":{"rendered":"https:\/\/pjama.eu\/product\/pjama-dryguardians-underklader-boxershorts\/"},"modified":"2025-12-28T20:35:16","modified_gmt":"2025-12-28T19:35:16","slug":"pjama-dryguardians-underklader-boxershorts","status":"publish","type":"product","link":"https:\/\/pjama.eu\/sv\/produkt\/pjama-dryguardians-underklader-boxershorts\/","title":{"rendered":"Pjama DryGuardians Underkl\u00e4der &#8211; Boxershorts"},"content":{"rendered":"<h3>Pjama DryGuardians Underkl\u00e4der &#8211; Boxershorts<\/h3>\n<p>Pjama DryGuardians Underkl\u00e4der &#8211; Boxers \u00e4r den perfekta l\u00f6sningen f\u00f6r pojkar som lider av s\u00e4ngv\u00e4tning (nattlig enures). I kombination med ett Pjama DryGuardians S\u00e4ngv\u00e4tningslarm eller Sensor och DryGuardians App kan du effektivt och bekv\u00e4mt behandla s\u00e4ngv\u00e4tning. Underkl\u00e4derna har insydda sensortr\u00e5dar som snabbt k\u00e4nner av fukt och aktiverar larmet,<br \/>\nhj\u00e4lper barnet att vakna och sluta kissa.  <\/p>\n<p>Ladda ner DryGuardians-appen fr\u00e5n <a href=\"https:\/\/play.google.com\/store\/apps\/details?id=com.pjama&amp;hl=sv&amp;gl=SE\" target=\"_blank\" rel=\"noopener\">Google Play<\/a> eller <a href=\"https:\/\/apps.apple.com\/se\/app\/dryguardians\/id1498084664\" target=\"_blank\" rel=\"noopener\">App Store<\/a> f\u00f6r att f\u00f6lja utvecklingen och f\u00e5 personlig v\u00e4gledning under behandlingen.<\/p>\n<h4>Funktioner<\/h4>\n<ul>\n<li>Speciellt utformad f\u00f6r pojkar; kompatibel med Pjama S\u00e4ngv\u00e4tningslarm eller sensor.<\/li>\n<li>Utrustad med tv\u00e5 sm\u00e5 knappar i midjebandet f\u00f6r att ansluta sensorn.<\/li>\n<li>Insydda sensortr\u00e5dar runt grenen s\u00e4kerst\u00e4ller snabb och korrekt detektering.<\/li>\n<li>St\u00f6rre m\u00e5lomr\u00e5de inneb\u00e4r tillf\u00f6rlitlig detektering oavsett sovposition.<\/li>\n<li>Speciellt effektivt f\u00f6r pojkar, men \u00e4ven f\u00f6rdelaktigt f\u00f6r flickor som sover p\u00e5 rygg.<\/li>\n<\/ul>\n<h4>Anv\u00e4ndning<\/h4>\n<p>Pjama DryGuardians Underkl\u00e4der &#8211; Boxers \u00e4r lika bekv\u00e4ma som vanliga underkl\u00e4der, vilket g\u00f6r dem l\u00e4tta f\u00f6r barn att b\u00e4ra. Dessa behandlingsboxers \u00e4r utformade f\u00f6r att anv\u00e4ndas med Pjama S\u00e4ngv\u00e4tningslarm och absorberar inte v\u00e4tska. Behandlingen fokuserar p\u00e5 att bryta vanan med s\u00e4ngv\u00e4tning.  <\/p>\n<p><strong>Paketet inneh\u00e5ller:<\/strong><\/p>\n<ul>\n<li>1 x Pjama DryGuardians Underkl\u00e4der &#8211; Boxershorts (larm s\u00e4ljs separat)<\/li>\n<\/ul>\n<p>F\u00e4st sensorn i midjebandet och placera larmet bredvid s\u00e4ngen. Om barnet kissar p\u00e5 sig k\u00e4nner de insydda sensortr\u00e5darna snabbt av det och aktiverar larmet. Barnet kan stoppa larmet, g\u00e5 p\u00e5 toaletten och byta underkl\u00e4der. F\u00f6r att anv\u00e4nda med en smartphone, ladda ner DryGuardians App.   <\/p>\n<h4>Material<\/h4>\n<p>Tillverkad av h\u00f6gkvalitativa, Oeko-Tex-certifierade tyger som \u00e4r s\u00e4kra och skonsamma mot barns hud.<\/p>\n<h4>Information om<\/h4>\n<ul>\n<li><em>Ansluter till Pjama S\u00e4ngv\u00e4tningslarm (via knappar i midjebandet)<\/em><\/li>\n<li><em>Insydda sensortr\u00e5dar f\u00f6r exakt detektering<\/em><\/li>\n<li><em>Bekv\u00e4m och mjuk<\/em><\/li>\n<li><em>Diskret och praktisk<\/em><\/li>\n<li><em>Maskintv\u00e4ttbar i 60\u00b0C<\/em><\/li>\n<li><em>T\u00e5l torktumlare<\/em><\/li>\n<li><em>Storlekar:<\/em> Barn och vuxna<\/li>\n<li><em>F\u00e4rg:<\/em> Bl\u00e5<\/li>\n<\/ul>\n<p style=\"color: #666666; font-size: 14px;\">Kom ih\u00e5g att ta loss Pjama Sensor fr\u00e5n larmet innan tv\u00e4tt.<\/p>\n<h4>DryGuardians app och s\u00e4ngv\u00e4tningsklinik<\/h4>\n<p>DryGuardians App st\u00f6der behandlingen med avancerade funktioner:<\/p>\n<ul>\n<li>Anv\u00e4nd appen som en ljudenhet med anpassningsbara larmsignaler.<\/li>\n<li>Logga in resultaten varje kv\u00e4ll i en kalender f\u00f6r att f\u00f6lja framstegen och f\u00e5 personliga tips.<\/li>\n<li>F\u00e5 expertr\u00e5d och st\u00f6d under behandlingen.<\/li>\n<li>St\u00e4ll in dagslarm f\u00f6r att p\u00e5minna om toalettbes\u00f6k.<\/li>\n<\/ul>\n<p>Appen \u00e4r gratis att ladda ner fr\u00e5n <a href=\"https:\/\/play.google.com\/store\/apps\/details?id=com.pjama&amp;hl=sv&amp;gl=SE\" target=\"_blank\" rel=\"noopener\">Google Play<\/a> eller <a href=\"https:\/\/apps.apple.com\/se\/app\/dryguardians\/id1498084664\" target=\"_blank\" rel=\"noopener\">App Store<\/a>. L\u00e4s mer om v\u00e5r s\u00e4ngv\u00e4tningsklinik p\u00e5 v\u00e5r <a href=\"https:\/\/pjama.eu\/sv\/\">webbplats<\/a>. <\/p>\n<h4>Behandlingsprocessen &#8211; motivation och t\u00e5lamod<\/h4>\n<p>Behandlingen av nattlig enures kr\u00e4ver motivation och t\u00e5lamod, s\u00e4rskilt i b\u00f6rjan. Det \u00e4r viktigt att s\u00e4tta upp realistiska m\u00e5l och fira framstegen. Med verktyg som Pjama DryGuardians Boxer Underkl\u00e4der och larmet blir v\u00e4gen till torra n\u00e4tter enklare. F\u00f6r\u00e4ldrar kan st\u00f6dja barnen med uppmuntran och positiv f\u00f6rst\u00e4rkning, medan DryGuardians App ger skr\u00e4ddarsydda tips. Tillsammans skapar detta en s\u00e4ker och effektiv v\u00e4g mot framg\u00e5ng.<\/p>\n<footer>\u00a9 2024 Pjama.<\/footer>\n","protected":false},"excerpt":{"rendered":"<h3>Pjama DryGuardians Underwear &#8211; Boxers<\/h3>\n<p>Pjama DryGuardians Underkl\u00e4der &#8211; Boxers \u00e4r en effektiv och s\u00e4ker l\u00f6sning f\u00f6r behandling av enures (s\u00e4ngv\u00e4tning).<\/p>\n<ul>\n<li>Kompatibel med Pjama S\u00e4ngv\u00e4tningslarm &#8211; behandla s\u00e4ngv\u00e4tning p\u00e5 ett enkelt, s\u00e4kert och bekv\u00e4mt s\u00e4tt.<\/li>\n<li>Stort m\u00e5lomr\u00e5de f\u00f6r snabb och tillf\u00f6rlitlig detektering av s\u00e4ngv\u00e4tning.<\/li>\n<li>Lika mjuka och bekv\u00e4ma som vanliga boxerkalsonger.<\/li>\n<li>Tv\u00e4ttas i maskin i 60\u00b0C och kan torktumlas.<\/li>\n<\/ul>\n<p>K\u00f6p larmet och ladda ner DryGuardians App, en kostnadsfri tj\u00e4nst f\u00f6r behandling av s\u00e4ngv\u00e4tning, fr\u00e5n <a href=\"https:\/\/play.google.com\/store\/apps\/details?id=com.pjama&amp;hl=sv&amp;gl=SE\">Google Play<\/a> eller <a href=\"https:\/\/apps.apple.com\/se\/app\/dryguardians\/id1498084664\">App Store<\/a>.<\/p>\n","protected":false},"featured_media":30978,"template":"","meta":{"_et_pb_use_builder":"off","_et_pb_old_content":"<h3>Pjama Boxer Bedwetting Treatment Underwear \u2013 Effective Alarm Treatment for Bedwetting in Boys<\/h3>\r\nPjama Boxer Bedwetting Treatment Underwear is the perfect solution for boys suffering from bedwetting (nocturnal enuresis). In combination with a Pjama Bedwetting Alarm or a Pjama Sensor and our DryGuardians app, you can effectively and comfortably treat bedwetting. These bedwetting underwear feature sewn-in sensor wires that quickly detect moisture and activate a bedwetting alarm to help the child wake up and stop urination.\r\n\r\nDownload the DryGuardians app from <a href=\"https:\/\/play.google.com\/store\/apps\/details?id=com.pjama&gl=sv&hl=sv\">Google Play<\/a> or <a href=\"https:\/\/apps.apple.com\/sv\/app\/pjama\/id1498084664?mt=8&l=sv\">App Store<\/a> to track progress and receive personalized guidance throughout the treatment of nocturnal enuresis.\r\n<h4>Features<\/h4>\r\nPjama Boxer Bedwetting Treatment Underwear is specially designed for boys and works in conjunction with the Pjama Bedwetting Alarm or Pjama Sensor. The underwear is equipped with two small buttons on the waist to connect the sensor. Sewn-in sensor wires around the crotch area make it easy for the alarm system to detect moisture and quickly trigger a bedwetting alarm, helping to effectively and safely treat nocturnal enuresis.\r\n\r\nThe sewn-in sensor wires in the Pjama Boxer Bedwetting Treatment Underwear increase the target area and ensure more accurate detection. This means that regardless of where urine lands or the sleeping position of you or your child, the alarm will reliably detect bedwetting. For boys, this is particularly valuable since the area where urine first hits often varies. The same applies to girls, especially if they tend to sleep on their back.\r\n<h4>Usage<\/h4>\r\nWearing Pjama Boxer Bedwetting Treatment Underwear is as comfortable as wearing regular underwear, making them ideal for children suffering from bedwetting. These underwear for nocturnal enuresis are designed to be used in combination with the Pjama bedwetting alarm and do not absorb liquid. The treatment focuses on breaking the habit of urinating in bed.\r\n\r\nThe package includes:\r\n<ul>\r\n \t<li>1 x Pjama Boxer Bedwetting Treatment Underwear\r\n(Please note that the Pjama Bedwetting Alarm is sold separately.)<\/li>\r\n<\/ul>\r\nSimply attach the sensor to the front waist of the boxer treatment underwear and start the bedwetting alarm to begin the treatment! Place the bedwetting alarm next to the bed.\r\nIf you or the child urinates, the sensitive sewn-in sensor wires in the treatment underwear will quickly detect it and activate the alarm. You or the child can easily stop the alarm by pressing the \"ON\/OFF button\" on the top of the alarm and then proceed to the bathroom to complete the urination.\r\n\r\nTo use the bedwetting alarm with your smartphone, you need to download the DryGuardians App.\r\n<h4>Material<\/h4>\r\nPjama Boxer Bedwetting Treatment Underwear is made of high-quality, Oeko-Tex certified fabrics that are safe and gentle on children\u2019s skin.\r\n<h4>Information<\/h4>\r\n<ul>\r\n \t<li><em>Connects to Pjama Bedwetting Alarm (via buttons on the front of the boxer shorts)<\/em><\/li>\r\n \t<li><em>Sewn-in sensor wires for greater accuracy<\/em><\/li>\r\n \t<li><em>Comfortable and soft<\/em><\/li>\r\n \t<li><em>Discrete and practical<\/em><\/li>\r\n \t<li><em>Machine washable at 60\u00b0C<\/em><\/li>\r\n \t<li><em>Can be tumble dried<\/em><\/li>\r\n \t<li><em>Sizes: Children and Adults<\/em><\/li>\r\n \t<li><em>Color: Blue<\/em><\/li>\r\n<\/ul>\r\n<span style=\"color: #666666;font-size: 14px\">Remember to detach the Pjama Sensor from the bedwetting alarm when not in use and before washing.<\/span>\r\n<h4>DryGuardians App and Bedwetting Clinic<\/h4>\r\nThe DryGuardians app offers advanced features for treating bedwetting and nocturnal enuresis:\r\n<ul>\r\n \t<li>Use the app as a sound device for your bedwetting alarm and choose different alarm signals.<\/li>\r\n \t<li>Log the night\u2019s results in the calendar to track progress and receive personalized tips.<\/li>\r\n \t<li>Get personalized advice and support during enuresis treatment.<\/li>\r\n \t<li>Set daily alarms to remind you or the child to use the bathroom during the day.<\/li>\r\n<\/ul>\r\nThe DryGuardians app is free to download from <a href=\"https:\/\/play.google.com\/store\/apps\/details?id=com.pjama&gl=sv&hl=sv\">Google Play<\/a> or <a href=\"https:\/\/apps.apple.com\/sv\/app\/pjama\/id1498084664?mt=8&l=sv\">App Store<\/a>. Learn more about our Bedwetting Clinic and how we can help you or your child on our <a href=\"https:\/\/pjama.eu\/\">website<\/a>.\r\n<h4>The Treatment Process \u2013 Motivation and Patience are Key<\/h4>\r\nTreating nocturnal enuresis requires motivation and patience, especially during the first few weeks. For both children and parents, it is important to set realistic goals and celebrate progress. Remember, the goal is a dry bed without aids, and the journey there can be made easier with tools like Pjama Boxer Bedwetting Treatment Underwear and the bedwetting alarm.\r\n\r\nAs a parent, you can keep your child motivated by giving positive feedback and compliments. With the help of <em>DryGuardians App<\/em>, you can get tips and advice tailored to your treatment progress. This is a safe and effective path to a better everyday life for children and adults suffering from enuresis.\r\n\r\n\u00a9 2024 Pjama.","_et_gb_content_width":""},"product_brand":[],"product_cat":[303,340,338,334,372],"product_tag":[],"class_list":{"0":"post-24877","1":"product","2":"type-product","3":"status-publish","4":"has-post-thumbnail","6":"product_cat-barn-och-ungdomar","7":"product_cat-pjamadryguardians_2025","8":"product_cat-sangvatningslarm","9":"product_cat-tillbehor","10":"product_cat-vuxen","11":"product_shipping_class-eu","12":"pa_size-alder-10-12-ar","13":"pa_size-alder-5-6-ar","14":"pa_size-alder-6-8-ar","15":"pa_size-alder-8-10-ar","16":"pa_size-liten","17":"pa_size-medium","18":"pa_size-stor","19":"pa_size-xlarge","20":"pa_size-xxlarge","22":"first","23":"instock","24":"taxable","25":"shipping-taxable","26":"purchasable","27":"product-type-variable"},"composite_virtual":false,"composite_layout":"","composite_add_to_cart_form_location":"","composite_editable_in_cart":false,"composite_sold_individually_context":"","composite_shop_price_calc":"","composite_components":[],"composite_scenarios":[],"_links":{"self":[{"href":"https:\/\/pjama.eu\/sv\/wp-json\/wp\/v2\/product\/24877","targetHints":{"allow":["GET"]}}],"collection":[{"href":"https:\/\/pjama.eu\/sv\/wp-json\/wp\/v2\/product"}],"about":[{"href":"https:\/\/pjama.eu\/sv\/wp-json\/wp\/v2\/types\/product"}],"wp:featuredmedia":[{"embeddable":true,"href":"https:\/\/pjama.eu\/sv\/wp-json\/wp\/v2\/media\/30978"}],"wp:attachment":[{"href":"https:\/\/pjama.eu\/sv\/wp-json\/wp\/v2\/media?parent=24877"}],"wp:term":[{"taxonomy":"product_brand","embeddable":true,"href":"https:\/\/pjama.eu\/sv\/wp-json\/wp\/v2\/product_brand?post=24877"},{"taxonomy":"product_cat","embeddable":true,"href":"https:\/\/pjama.eu\/sv\/wp-json\/wp\/v2\/product_cat?post=24877"},{"taxonomy":"product_tag","embeddable":true,"href":"https:\/\/pjama.eu\/sv\/wp-json\/wp\/v2\/product_tag?post=24877"}],"curies":[{"name":"wp","href":"https:\/\/api.w.org\/{rel}","templated":true}]}}