{"id":24991,"date":"2020-03-21T12:06:50","date_gmt":"2020-03-21T11:06:50","guid":{"rendered":"https:\/\/pjama.eu\/product\/pjama-protect-sangvatningsbyxor-for-barn\/"},"modified":"2026-03-08T16:58:31","modified_gmt":"2026-03-08T15:58:31","slug":"pjama-protect-sangvatningsbyxor-for-barn","status":"publish","type":"product","link":"https:\/\/pjama.eu\/sv\/produkt\/pjama-protect-sangvatningsbyxor-for-barn\/","title":{"rendered":"Pjama Protect S\u00e4ngv\u00e4tningsbyxor f\u00f6r barn"},"content":{"rendered":"<h3>Pjama Protect S\u00e4ngv\u00e4tningsbyxor f\u00f6r barn<\/h3>\n<h4>&#8211; Det b\u00e4sta st\u00f6det f\u00f6r s\u00e4ngv\u00e4tning<\/h4>\n<p>Letar du efter ett tryggt hj\u00e4lpmedel f\u00f6r barn som kissar i s\u00e4ngen eller lider av nattlig en<br \/>\nl\u00f6sning f\u00f6r att hantera s\u00e4ngv\u00e4tning. Perfekt f\u00f6r barn som kissar i s\u00e4ngen p\u00e5 natten eller som precis har b\u00f6rjat uppleva olyckor. Byxorna \u00e4r vattent\u00e4ta och \u00e5teranv\u00e4ndbara, vilket ger komfort och sinnesfrid f\u00f6r b\u00e5de barn och f\u00f6r\u00e4ldrar.  <\/p>\n<h4>F\u00f6rdelar med Pjama Protect S\u00e4ngv\u00e4tningsbyxor f\u00f6r barn<\/h4>\n<ul>\n<li><strong>Skydd och komfort:<\/strong> H\u00e5ller s\u00e4ngen torr n\u00e4r olyckan \u00e4r framme &#8211; perfekt f\u00f6r barn som kissar i s\u00e4ngen.<\/li>\n<li><strong>Diskret och elegant:<\/strong> Ser ut som en vanlig pyjamas\/nattbyxor, perfekt f\u00f6r \u00f6vernattningar.<\/li>\n<li><strong>Milj\u00f6v\u00e4nlig l\u00f6sning:<\/strong> Tv\u00e4ttbar och \u00e5teranv\u00e4ndbar, vilket minskar behovet av eng\u00e5ngsprodukter som bl\u00f6jor.<\/li>\n<li><strong>Hj\u00e4lper mot nattlig enures:<\/strong> Utformad f\u00f6r att ge feedback till barnet genom att l\u00e5ta dem k\u00e4nna v\u00e4tska, till skillnad fr\u00e5n bl\u00f6jor, vilket f\u00e5r dem att vakna och g\u00e5 p\u00e5 toaletten.<\/li>\n<\/ul>\n<h4>En s\u00e4ker och praktisk l\u00f6sning<\/h4>\n<p>Pjama Protect S\u00e4ngv\u00e4tningsbyxor f\u00f6r barn \u00e4r tillverkade av andningsbart och vattent\u00e4tt material som skyddar madrasser och lakan. De \u00e4r perfekta f\u00f6r barn som kissar i s\u00e4ngen p\u00e5 natten, oavsett om det \u00e4r en sex\u00e5ring som precis har b\u00f6rjat kissa i s\u00e4ngen eller \u00e4ldre barn som lider av enures. <\/p>\n<h4>Storlekar f\u00f6r alla barn<\/h4>\n<p>Vi erbjuder storlekar fr\u00e5n 98 till 164 cm i h\u00f6jd f\u00f6r att passa barn i alla \u00e5ldrar. Om ditt barn beh\u00f6ver en st\u00f6rre storlek, kolla in v\u00e5r <a href=\"https:\/\/pjama.eu\/sv\/produkt\/pjama-protect-sangvatningsbyxor-for-vuxna\/\">kategori f\u00f6r vuxna<\/a> upp till storlek XL. Byxorna \u00e4r tillverkade av Tencel-tyg, laminerat f\u00f6r att g\u00f6ra dem vattent\u00e4ta samtidigt som de \u00e4r skonsamma mot huden. De tyger som anv\u00e4nds \u00e4r <a href=\"https:\/\/www.oeko-tex.com\/en\/our-standards\/oeko-tex-standard-100\" target=\"_blank\" rel=\"noopener\">Oeko-Tex-certifierade<\/a>. F\u00f6r att hitta r\u00e4tt storlek och f\u00f6r att se hur mycket varje storlek kan absorbera, se v\u00e5r <a href=\"https:\/\/pjama.eu\/sv\/storleksguide\/\">storleksguide<\/a>.   <\/p>\n<p>Beh\u00f6ver du en st\u00f6rre storlek? Utforska v\u00e5rt <a href=\"https:\/\/pjama.eu\/sv\/sangvatning-butik-vuxna\/\">sortiment f\u00f6r vuxna<\/a> och f\u00e5 samma skydd och komfort i st\u00f6rre storlekar. <\/p>\n<h4>Perfekt f\u00f6r \u00f6vernattning<\/h4>\n<p>Barn som lider av s\u00e4ngv\u00e4tning kan k\u00e4nna sig os\u00e4kra n\u00e4r de sover borta hos v\u00e4nner eller under \u00f6vernattningsaktiviteter. Med Pjama Protect S\u00e4ngv\u00e4tningsbyxor f\u00f6r barn kan ditt barn k\u00e4nna sig tryggt tack vare det diskreta utseendet och det tillf\u00f6rlitliga skyddet som dessa byxor ger. <\/p>\n<h4>Enkel sk\u00f6tsel<\/h4>\n<p>Pjama Protect S\u00e4ngv\u00e4tningsbyxor f\u00f6r barn kan tv\u00e4ttas i maskin (60\u00b0C) och torktumlas. Obs: Byxorna har en l\u00e4ngre torktid p\u00e5 grund av sin absorberande egenskap. Var noga med att v\u00e4nda plagget ut och in vid tv\u00e4tt s\u00e5 att v\u00e4tskan kan pressas ut under centrifugeringen. <span style=\"font-weight: 400;\">De \u00e4r slitstarka och kostnadseffektiva <\/span><b>&#8211; Pjama garanterar minst 100 tv\u00e4ttar och upp till 4 m\u00e5naders regelbunden anv\u00e4ndning n\u00e4r de sk\u00f6ts enligt v\u00e5ra tv\u00e4ttanvisningar.<\/b><span style=\"font-weight: 400;\"> <\/span><span style=\"font-weight: 400;\">En p\u00e5litlig och praktisk l\u00f6sning f\u00f6r barn som kissar i s\u00e4ngen p\u00e5 natten.<\/span><span style=\"font-weight: 400;\"> <\/span><a href=\"https:\/\/pjama.eu\/sv\/hur-du-tvattar-och-torkar-din-pjama\/\"><span style=\"font-weight: 400;\">L\u00e4s fullst\u00e4ndiga sk\u00f6tselr\u00e5d &#8217;<\/span><\/a><\/p>\n<h4>Tips f\u00f6r att hantera s\u00e4ngv\u00e4tning<\/h4>\n<p>Praktisk hj\u00e4lp f\u00f6r torr s\u00f6mn<\/p>\n<ul>\n<li><strong>Anv\u00e4nd Pjama Protect S\u00e4ngv\u00e4tningsbyxor f\u00f6r barn:<\/strong> En enkel och bekv\u00e4m l\u00f6sning<br \/>\nf\u00f6r att h\u00e5lla s\u00e4ngen torr b\u00e5de hemma och under \u00f6vernattningar. Perfekt f\u00f6r att undvika besv\u00e4ret med att byta lakan<br \/>\nmitt i natten och ger komfort och s\u00e4kerhet f\u00f6r barnet. <\/li>\n<\/ul>\n<p>Produkter f\u00f6r behandling av s\u00e4ngv\u00e4tning<\/p>\n<ul>\n<li><a href=\"https:\/\/pjama.eu\/sv\/pjama-dryguardians-sangvatningslarm\/\">Pjama S\u00e4ngv\u00e4tningslarm<\/a>: Effektivt f\u00f6r behandling av s\u00e4ngv\u00e4tning genom att hj\u00e4lpa barnet att utveckla b\u00e4ttre bl\u00e5skontroll och nattliga rutiner.<\/li>\n<li><a href=\"https:\/\/pjama.eu\/sv\/dryguardians-app-hjalper-dig-att-behandla-sangvatning-gratis\/\">DryGuardians app:<\/a> Sp\u00e5ra framsteg och f\u00e5 insikter om behandlingens effektivitet. Appen underl\u00e4ttar ocks\u00e5 kommunikationen med v\u00e5rdgivare. <\/li>\n<\/ul>\n<p>Oavsett om du letar efter ett hj\u00e4lpmedel eller en behandlingsprodukt \u00e4r det viktigt att kommunicera \u00f6ppet. Att prata \u00f6ppet om s\u00e4ngv\u00e4tning kan minska stress och skamk\u00e4nslor. Det st\u00f6djer barnets utveckling och \u00f6kar k\u00e4nslan av s\u00e4kerhet kring s\u00e4ngv\u00e4tningen.  <\/p>\n<h4>Vad \u00e4r nattlig enures?<\/h4>\n<p>S\u00e4ngv\u00e4tning, \u00e4ven k\u00e4nt som nattlig <em>enures<\/em>, inneb\u00e4r att barn kissar i s\u00e4ngen p\u00e5 natten. Det \u00e4r ett vanligt problem, s\u00e4rskilt bland pojkar, som drabbar miljontals barn \u00f6ver hela v\u00e4rlden. Kom ih\u00e5g att det inte \u00e4r barnets fel och att det inte ska leda till skam eller bestraffning.  <\/p>\n<h4>Beh\u00f6ver du mer v\u00e4gledning?<\/h4>\n<p>R\u00e5dg\u00f6r g\u00e4rna med din sjuksk\u00f6terska eller l\u00e4kare om du har fr\u00e5gor om s\u00e4ngv\u00e4tning eller beh\u00f6ver mer information om m\u00f6jliga behandlingsalternativ. Att s\u00f6ka professionell hj\u00e4lp kan vara ett viktigt steg f\u00f6r att st\u00f6dja ditt barn p\u00e5 b\u00e4sta s\u00e4tt. <\/p>\n<footer>\u00a9 2024 Pjama.<\/footer>\n","protected":false},"excerpt":{"rendered":"<h3>Absorberande s\u00e4ngv\u00e4tningsbyxor f\u00f6r barn &#8211; h\u00e5ller s\u00e4ngen torr.<\/h3>\n<p>Pjama Protect S\u00e4ngv\u00e4tningsbyxor f\u00f6r barn \u00e4r en l\u00e4ttsk\u00f6tt, diskret och bekv\u00e4m l\u00f6sning f\u00f6r barn som kissar i s\u00e4ngen.<\/p>\n<ul>\n<li>Andningsbar och helt vattent\u00e4t f\u00f6r att h\u00e5lla s\u00e4ngen torr.<\/li>\n<li>Lika mjuka och bekv\u00e4ma som vanliga pyjamasbyxor.<\/li>\n<li>Tv\u00e4ttas i maskin i 60\u00b0C och kan torktumlas.<\/li>\n<\/ul>\n<p>Beh\u00f6ver du en st\u00f6rre storlek? Utforska v\u00e5rt <a href=\"https:\/\/pjama.eu\/sv\/sangvatning-butik-vuxna\/\">sortiment f\u00f6r vuxna<\/a> och f\u00e5 samma skydd och komfort i st\u00f6rre storlekar. <\/p>\n","protected":false},"featured_media":31342,"template":"","meta":{"_et_pb_use_builder":"","_et_pb_old_content":"","_et_gb_content_width":""},"product_brand":[],"product_cat":[423,303,426],"product_tag":[],"class_list":{"0":"post-24991","1":"product","2":"type-product","3":"status-publish","4":"has-post-thumbnail","6":"product_cat-pjama-original","7":"product_cat-barn-och-ungdomar","8":"product_cat-pjamaprotect_2025","9":"product_shipping_class-eu","10":"pa_size-3-4-ar","11":"pa_size-alder-10-12-ar","12":"pa_size-alder-5-6-ar","13":"pa_size-alder-6-8-ar","14":"pa_size-alder-8-10-ar","15":"pa_size-liten","17":"first","18":"instock","19":"taxable","20":"shipping-taxable","21":"purchasable","22":"product-type-variable"},"composite_virtual":false,"composite_layout":"","composite_add_to_cart_form_location":"","composite_editable_in_cart":false,"composite_sold_individually_context":"","composite_shop_price_calc":"","composite_components":[],"composite_scenarios":[],"_links":{"self":[{"href":"https:\/\/pjama.eu\/sv\/wp-json\/wp\/v2\/product\/24991","targetHints":{"allow":["GET"]}}],"collection":[{"href":"https:\/\/pjama.eu\/sv\/wp-json\/wp\/v2\/product"}],"about":[{"href":"https:\/\/pjama.eu\/sv\/wp-json\/wp\/v2\/types\/product"}],"wp:featuredmedia":[{"embeddable":true,"href":"https:\/\/pjama.eu\/sv\/wp-json\/wp\/v2\/media\/31342"}],"wp:attachment":[{"href":"https:\/\/pjama.eu\/sv\/wp-json\/wp\/v2\/media?parent=24991"}],"wp:term":[{"taxonomy":"product_brand","embeddable":true,"href":"https:\/\/pjama.eu\/sv\/wp-json\/wp\/v2\/product_brand?post=24991"},{"taxonomy":"product_cat","embeddable":true,"href":"https:\/\/pjama.eu\/sv\/wp-json\/wp\/v2\/product_cat?post=24991"},{"taxonomy":"product_tag","embeddable":true,"href":"https:\/\/pjama.eu\/sv\/wp-json\/wp\/v2\/product_tag?post=24991"}],"curies":[{"name":"wp","href":"https:\/\/api.w.org\/{rel}","templated":true}]}}