{"id":25129,"date":"2020-03-21T12:49:41","date_gmt":"2020-03-21T11:49:41","guid":{"rendered":"https:\/\/pjama.eu\/product\/pjama-protect-sangvatningsshorts-for-vuxna\/"},"modified":"2025-12-27T18:08:02","modified_gmt":"2025-12-27T17:08:02","slug":"pjama-protect-sangvatningsshorts-for-vuxna","status":"publish","type":"product","link":"https:\/\/pjama.eu\/sv\/produkt\/pjama-protect-sangvatningsshorts-for-vuxna\/","title":{"rendered":"Pjama Protect S\u00e4ngv\u00e4tningsshorts f\u00f6r vuxna"},"content":{"rendered":"<h3>Pjama Protect Bedwetting Shorts for Adults<\/h3>\n<h4>&#8211; Den b\u00e4sta l\u00f6sningen f\u00f6r nattlig enures och urininkontinens<\/h4>\n<p>Letar du efter en effektiv l\u00f6sning f\u00f6r att hantera s\u00e4ngv\u00e4tning eller nattlig enures hos vuxna? Pjama Protect S\u00e4ngv\u00e4tningsshorts f\u00f6r vuxna \u00e4r en bekv\u00e4m, diskret och effektiv l\u00f6sning f\u00f6r att hantera s\u00e4ngv\u00e4tning. Perfekt f\u00f6r vuxna som lider av urininkontinens under natten. Dessa shorts \u00e4r mjuka, vattent\u00e4ta, \u00e5teranv\u00e4ndbara och ger s\u00e4kerhet b\u00e5de hemma och p\u00e5 resande fot.   <\/p>\n<h4>F\u00f6rdelar med Pjama Protect S\u00e4ngv\u00e4tningsshorts f\u00f6r vuxna<\/h4>\n<ul>\n<li><strong>Skydd och komfort:<\/strong> H\u00e5ller s\u00e4ngen torr vid urinl\u00e4ckage och s\u00e4ngv\u00e4tning, vilket ger en bekv\u00e4m och s\u00e4ker natt.<\/li>\n<li><strong>Diskret och funktionell design:<\/strong> Ser ut som vanliga pyjamasshorts, vilket g\u00f6r dem l\u00e4mpliga f\u00f6r vuxna som vill ha en diskret l\u00f6sning.<\/li>\n<li><strong>Milj\u00f6v\u00e4nliga och kostnadseffektiva:<\/strong> Tv\u00e4ttbara och \u00e5teranv\u00e4ndbara, vilket minskar behovet av eng\u00e5ngsprodukter och \u00e4r b\u00e4ttre f\u00f6r milj\u00f6n.<\/li>\n<li><strong>Hj\u00e4lp med enures nattetid:<\/strong> Utformad f\u00f6r att ge feedback genom fukt, till skillnad fr\u00e5n bl\u00f6jor, f\u00f6r att uppmuntra till att vakna upp och g\u00e5 p\u00e5 toaletten.<\/li>\n<\/ul>\n<h4>En s\u00e4ker och praktisk l\u00f6sning<\/h4>\n<p>Pjama Protect S\u00e4ngv\u00e4tningsshorts f\u00f6r vuxna \u00e4r tillverkade av ett andningsbart och vattent\u00e4tt material som skyddar b\u00e5de madrasser och lakan. De \u00e4r l\u00e4mpliga f\u00f6r vuxna som lider av nattlig enures, oavsett om det \u00e4r ett tillf\u00e4lligt eller l\u00e5ngvarigt problem. Shortsen \u00e4r idealiska f\u00f6r b\u00e5de m\u00e4n och kvinnor.  <\/p>\n<h4>Storlekar f\u00f6r vuxna<\/h4>\n<p>Vi erbjuder storlekar fr\u00e5n Small till XL f\u00f6r att passa alla kroppstyper. Shortsen \u00e4r tillverkade av Tencel-tyg, som \u00e4r laminerat f\u00f6r att g\u00f6ra dem vattent\u00e4ta men samtidigt skonsamma mot huden. De tyger som anv\u00e4nds \u00e4r <a href=\"https:\/\/www.oeko-tex.com\/en\/our-standards\/oeko-tex-standard-100\" target=\"_blank\" rel=\"noopener\">Oeko-Tex-certifierade<\/a>. F\u00f6r att hitta r\u00e4tt storlek och se absorptionskapaciteten f\u00f6r varje storlek, kolla in v\u00e5r <a href=\"https:\/\/pjama.eu\/sv\/storleksguide\/\">storleksguide<\/a>.   <\/p>\n<p>Beh\u00f6ver du en mindre storlek? Utforska v\u00e5r <a href=\"https:\/\/pjama.eu\/sv\/sangvatningsbyxor\/\">Childrens-serie<\/a> f\u00f6r samma skydd och komfort i st\u00f6rre storlekar. <\/p>\n<h4>Perfekt f\u00f6r \u00f6vernattning<\/h4>\n<p>Vuxna som lider av s\u00e4ngv\u00e4tning kan k\u00e4nna sig otrygga n\u00e4r de vistas utanf\u00f6r hemmet, till exempel under resor eller \u00f6vernattningar hos familj och v\u00e4nner. Pjama Protect S\u00e4ngv\u00e4tningsshorts f\u00f6r vuxna ger en s\u00e4ker och diskret l\u00f6sning som kan minska oron i dessa situationer. Pjamas vision \u00e4r att g\u00f6ra livet enklare f\u00f6r personer som lider av enures, s\u00e5 att de kan leva ett s\u00e5 normalt liv som m\u00f6jligt, utan begr\u00e4nsningar.  <\/p>\n<h4>Enkelt underh\u00e5ll<\/h4>\n<p>Pjama Protect S\u00e4ngv\u00e4tningsshorts f\u00f6r vuxna kan tv\u00e4ttas i maskin i 60\u00b0C och kan torktumlas. Observera att de kan ta l\u00e4ngre tid att torka p\u00e5 grund av sin absorberande funktion. V\u00e4nd plagget ut och in under tv\u00e4tten f\u00f6r att optimera v\u00e4tskeavrinningen. De h\u00e4r shortsen \u00e4r slitstarka och kostnadseffektiva &#8211; en perfekt l\u00f6sning f\u00f6r vuxna med nattlig enures.<br \/>\n<b>Pjama garanterar minst 100 tv\u00e4ttar och upp till 4 m\u00e5naders regelbunden anv\u00e4ndning n\u00e4r den sk\u00f6ts enligt v\u00e5ra tv\u00e4ttanvisningar.<\/b><span style=\"font-weight: 400;\"> <\/span><a href=\"https:\/\/pjama.eu\/sv\/hur-du-tvattar-och-torkar-din-pjama\/\"><span style=\"font-weight: 400;\">L\u00e4s fullst\u00e4ndiga sk\u00f6tselr\u00e5d &#8217;<\/span><\/a><\/p>\n<h4>Tips f\u00f6r att hantera s\u00e4ngv\u00e4tning<\/h4>\n<h5>Praktiska hj\u00e4lpmedel f\u00f6r torr s\u00f6mn<\/h5>\n<ul>\n<li><strong>Anv\u00e4nd Pjama Protect S\u00e4ngv\u00e4tningsshorts f\u00f6r vuxna:<\/strong> Ett enkelt och bekv\u00e4mt hj\u00e4lpmedel f\u00f6r att h\u00e5lla s\u00e4ngen torr b\u00e5de hemma och n\u00e4r du \u00e4r borta. Perfekt f\u00f6r att undvika besv\u00e4ret med att byta s\u00e4ng mitt i natten och ger s\u00e4kerhet och komfort. <\/li>\n<\/ul>\n<h5>Produkter f\u00f6r behandling av enures nattetid<\/h5>\n<ul>\n<li><a href=\"https:\/\/pjama.eu\/sv\/sangvatning-butik-vuxna\/\">Pjama S\u00e4ngv\u00e4tningslarm<\/a>: Ett effektivt verktyg f\u00f6r att hj\u00e4lpa till att utveckla b\u00e4ttre kontroll \u00f6ver urinbl\u00e5san och etablera nattliga rutiner. B\u00e5de <a href=\"https:\/\/pjama.eu\/sv\/produkt\/pjama-dryguardians-underklader-boxershorts\/produkt\/pjama-dryguardians-underklader-boxershorts\/\">Boxers<\/a> f\u00f6r m\u00e4n och <a href=\"https:\/\/pjama.eu\/sv\/produkt\/pjama-dryguardians-underklader-underbyxor\/\">Briefs<\/a> f\u00f6r kvinnor finns i vuxenstorlekar med ett medf\u00f6ljande S\u00e4ngv\u00e4tningslarm. Anv\u00e4nd dessa tillsammans med dina skyddande shorts f\u00f6r omedelbar \u00e5terkoppling n\u00e4r fukt uppst\u00e5r.  <\/li>\n<li><a href=\"https:\/\/pjama.eu\/sv\/dryguardians-app-hjalper-dig-att-behandla-sangvatning-gratis\/\">DryGuardians app:<\/a> Sp\u00e5ra framsteg och f\u00e5 insikter om behandlingens effektivitet. Appen st\u00f6der ocks\u00e5 kommunikation med v\u00e5rdgivare. <\/li>\n<\/ul>\n<p>Om du aldrig har behandlats f\u00f6r s\u00e4ngv\u00e4tning eller nattlig enures kan det h\u00e4r vara en l\u00f6sning f\u00f6r dig. Pjama samarbetar med svensk sjukv\u00e5rd f\u00f6r att tillhandah\u00e5lla hj\u00e4lpmedel och behandlingsalternativ f\u00f6r s\u00e4ngv\u00e4tare. <\/p>\n<h4>Vad \u00e4r enures nattetid?<\/h4>\n<p>S\u00e4ngv\u00e4tning, eller nattlig enures, \u00e4r ett vanligare problem \u00e4n man kan tro bland vuxna, och inneb\u00e4r att man ofrivilligt f\u00f6rlorar urin under s\u00f6mnen. Det \u00e4r viktigt att f\u00f6rst\u00e5 att detta \u00e4r en hanterbar situation som inte ska leda till skam eller skuldk\u00e4nslor. Att prata \u00f6ppet om s\u00e4ngv\u00e4tning kan minska stress och skamk\u00e4nslor, vilket ger den trygghet som beh\u00f6vs f\u00f6r att hantera nattlig enures.  <\/p>\n<h4>Beh\u00f6ver du mer v\u00e4gledning?<\/h4>\n<p>Kontakta g\u00e4rna en sjuksk\u00f6terska eller l\u00e4kare f\u00f6r att f\u00e5 r\u00e5d om behandling och f\u00f6r att diskutera m\u00f6jliga alternativ. Att s\u00f6ka professionell hj\u00e4lp kan vara ett viktigt steg f\u00f6r att hantera och behandla s\u00e4ngv\u00e4tning eller nattlig enures. <\/p>\n<footer>\u00a9 2024 Pjama.<\/footer>\n","protected":false},"excerpt":{"rendered":"<div class=\"product-description\">\n<h3><span data-sheets-root=\"1\">Absorberande s\u00e4ngv\u00e4tningsshorts f\u00f6r vuxna &#8211; diskreta och bekv\u00e4ma.<\/span><\/h3>\n<p>Pjama Protect S\u00e4ngv\u00e4tningsshorts f\u00f6r vuxna \u00e4r en l\u00e4ttsk\u00f6tt, diskret och bekv\u00e4m l\u00f6sning f\u00f6r vuxna med problem med s\u00e4ngv\u00e4tning.<\/p>\n<ul>\n<li>Andningsbar och helt vattent\u00e4t f\u00f6r att h\u00e5lla s\u00e4ngen torr.<\/li>\n<li>Lika mjuka och bekv\u00e4ma som vanliga pyjamasshorts.<\/li>\n<li>Tv\u00e4ttas i maskin i 60\u00b0C och kan torktumlas.<\/li>\n<\/ul>\n<p>Beh\u00f6ver du en mindre storlek? Utforska v\u00e5r <a href=\"https:\/\/pjama.eu\/sv\/sangvatningsbyxor\/s:\/\/pjama.eu\/bedwetting-pants\/\">Childrens-serie<\/a> f\u00f6r samma skydd och komfort i st\u00f6rre storlekar. <\/p>\n<\/div>\n","protected":false},"featured_media":31308,"template":"","meta":{"_et_pb_use_builder":"","_et_pb_old_content":"","_et_gb_content_width":""},"product_brand":[],"product_cat":[423,426,372],"product_tag":[],"class_list":{"0":"post-25129","1":"product","2":"type-product","3":"status-publish","4":"has-post-thumbnail","6":"product_cat-pjama-original","7":"product_cat-pjamaprotect_2025","8":"product_cat-vuxen","9":"product_shipping_class-eu","10":"pa_size-bred","11":"pa_size-liten","12":"pa_size-medium","13":"pa_size-stor","14":"pa_size-xlarge","15":"pa_size-xwide","16":"pa_size-xxwide","18":"first","19":"instock","20":"taxable","21":"shipping-taxable","22":"purchasable","23":"product-type-variable"},"composite_virtual":false,"composite_layout":"","composite_add_to_cart_form_location":"","composite_editable_in_cart":false,"composite_sold_individually_context":"","composite_shop_price_calc":"","composite_components":[],"composite_scenarios":[],"_links":{"self":[{"href":"https:\/\/pjama.eu\/sv\/wp-json\/wp\/v2\/product\/25129","targetHints":{"allow":["GET"]}}],"collection":[{"href":"https:\/\/pjama.eu\/sv\/wp-json\/wp\/v2\/product"}],"about":[{"href":"https:\/\/pjama.eu\/sv\/wp-json\/wp\/v2\/types\/product"}],"wp:featuredmedia":[{"embeddable":true,"href":"https:\/\/pjama.eu\/sv\/wp-json\/wp\/v2\/media\/31308"}],"wp:attachment":[{"href":"https:\/\/pjama.eu\/sv\/wp-json\/wp\/v2\/media?parent=25129"}],"wp:term":[{"taxonomy":"product_brand","embeddable":true,"href":"https:\/\/pjama.eu\/sv\/wp-json\/wp\/v2\/product_brand?post=25129"},{"taxonomy":"product_cat","embeddable":true,"href":"https:\/\/pjama.eu\/sv\/wp-json\/wp\/v2\/product_cat?post=25129"},{"taxonomy":"product_tag","embeddable":true,"href":"https:\/\/pjama.eu\/sv\/wp-json\/wp\/v2\/product_tag?post=25129"}],"curies":[{"name":"wp","href":"https:\/\/api.w.org\/{rel}","templated":true}]}}