{"id":25177,"date":"2020-05-25T22:24:48","date_gmt":"2020-05-25T20:24:48","guid":{"rendered":"https:\/\/pjama.eu\/product\/pjama-dryguardians-nattklader-for-barn-byxor\/"},"modified":"2026-05-06T14:28:33","modified_gmt":"2026-05-06T12:28:33","slug":"pjama-dryguardians-nattklader-for-barn-byxor","status":"publish","type":"product","link":"https:\/\/pjama.eu\/sv\/produkt\/pjama-dryguardians-nattklader-for-barn-byxor\/","title":{"rendered":"Pjama DryGuardians Nattkl\u00e4der f\u00f6r barn &#8211; Byxor"},"content":{"rendered":"<p>[et_pb_section fb_built=&#8221;1&#8243; _builder_version=&#8221;4.16&#8243; custom_padding=&#8221;0px||||false|false&#8221; da_disable_devices=&#8221;off|off|off&#8221; global_colors_info=&#8221;{}&#8221; da_is_popup=&#8221;off&#8221; da_exit_intent=&#8221;off&#8221; da_has_close=&#8221;on&#8221; da_alt_close=&#8221;off&#8221; da_dark_close=&#8221;off&#8221; da_not_modal=&#8221;on&#8221; da_is_singular=&#8221;off&#8221; da_with_loader=&#8221;off&#8221; da_has_shadow=&#8221;on&#8221;][et_pb_row _builder_version=&#8221;4.16&#8243; background_size=&#8221;initial&#8221; background_position=&#8221;top_left&#8221; background_repeat=&#8221;repeat&#8221; width=&#8221;100%&#8221; custom_padding=&#8221;0px||0px||false|false&#8221; global_colors_info=&#8221;{}&#8221;][et_pb_column type=&#8221;4_4&#8243; _builder_version=&#8221;4.16&#8243; custom_padding=&#8221;|||&#8221; global_colors_info=&#8221;{}&#8221; custom_padding__hover=&#8221;|||&#8221;][et_pb_wc_breadcrumb _builder_version=&#8221;4.16&#8243; global_colors_info=&#8221;{}&#8221;][\/et_pb_wc_breadcrumb][et_pb_wc_cart_notice _builder_version=&#8221;4.16&#8243; global_colors_info=&#8221;{}&#8221;][\/et_pb_wc_cart_notice][\/et_pb_column][\/et_pb_row][et_pb_row column_structure=&#8221;1_2,1_2&#8243; _builder_version=&#8221;4.16&#8243; background_size=&#8221;initial&#8221; background_position=&#8221;top_left&#8221; background_repeat=&#8221;repeat&#8221; width=&#8221;100%&#8221; custom_padding=&#8221;0px||||false|false&#8221; global_colors_info=&#8221;{}&#8221;][et_pb_column type=&#8221;1_2&#8243; _builder_version=&#8221;4.16&#8243; custom_padding=&#8221;|||&#8221; global_colors_info=&#8221;{}&#8221; custom_padding__hover=&#8221;|||&#8221;][et_pb_wc_images _builder_version=&#8221;4.16&#8243; global_colors_info=&#8221;{}&#8221;][\/et_pb_wc_images][\/et_pb_column][et_pb_column type=&#8221;1_2&#8243; _builder_version=&#8221;4.16&#8243; custom_padding=&#8221;|||&#8221; global_colors_info=&#8221;{}&#8221; custom_padding__hover=&#8221;|||&#8221;][et_pb_wc_title _builder_version=&#8221;4.16&#8243; global_colors_info=&#8221;{}&#8221;][\/et_pb_wc_title][et_pb_wc_rating _builder_version=&#8221;4.16&#8243; global_colors_info=&#8221;{}&#8221;][\/et_pb_wc_rating][et_pb_wc_price _builder_version=&#8221;4.16&#8243; global_colors_info=&#8221;{}&#8221;][\/et_pb_wc_price][et_pb_wc_description _builder_version=&#8221;4.16&#8243; global_colors_info=&#8221;{}&#8221;][\/et_pb_wc_description][et_pb_wc_add_to_cart _builder_version=&#8221;4.16&#8243; global_colors_info=&#8221;{}&#8221;][\/et_pb_wc_add_to_cart][et_pb_wc_meta _builder_version=&#8221;4.16&#8243; global_colors_info=&#8221;{}&#8221;][\/et_pb_wc_meta][\/et_pb_column][\/et_pb_row][et_pb_row _builder_version=&#8221;4.16&#8243; background_size=&#8221;initial&#8221; background_position=&#8221;top_left&#8221; background_repeat=&#8221;repeat&#8221; width=&#8221;100%&#8221; global_colors_info=&#8221;{}&#8221;][et_pb_column type=&#8221;4_4&#8243; _builder_version=&#8221;4.16&#8243; custom_padding=&#8221;|||&#8221; global_colors_info=&#8221;{}&#8221; custom_padding__hover=&#8221;|||&#8221;][et_pb_wc_tabs _builder_version=&#8221;4.16&#8243; global_colors_info=&#8221;{}&#8221;]\t\t\t\t\t[\/et_pb_wc_tabs][et_pb_wc_upsells _builder_version=&#8221;4.16&#8243; global_colors_info=&#8221;{}&#8221;][\/et_pb_wc_upsells][et_pb_wc_related_products _builder_version=&#8221;4.16&#8243; global_colors_info=&#8221;{}&#8221;][\/et_pb_wc_related_products][\/et_pb_column][\/et_pb_row][\/et_pb_section][et_pb_section fb_built=&#8221;1&#8243; _builder_version=&#8221;4.16&#8243; custom_padding=&#8221;0px||||false|false&#8221; da_disable_devices=&#8221;off|off|off&#8221; global_colors_info=&#8221;{}&#8221; da_is_popup=&#8221;off&#8221; da_exit_intent=&#8221;off&#8221; da_has_close=&#8221;on&#8221; da_alt_close=&#8221;off&#8221; da_dark_close=&#8221;off&#8221; da_not_modal=&#8221;on&#8221; da_is_singular=&#8221;off&#8221; da_with_loader=&#8221;off&#8221; da_has_shadow=&#8221;on&#8221;][et_pb_row _builder_version=&#8221;4.16&#8243; background_size=&#8221;initial&#8221; background_position=&#8221;top_left&#8221; background_repeat=&#8221;repeat&#8221; width=&#8221;100%&#8221; custom_padding=&#8221;0px||0px||false|false&#8221; global_colors_info=&#8221;{}&#8221;][et_pb_column type=&#8221;4_4&#8243; _builder_version=&#8221;4.16&#8243; custom_padding=&#8221;|||&#8221; global_colors_info=&#8221;{}&#8221; custom_padding__hover=&#8221;|||&#8221;][et_pb_wc_breadcrumb _builder_version=&#8221;4.16&#8243; global_colors_info=&#8221;{}&#8221;][\/et_pb_wc_breadcrumb][et_pb_wc_cart_notice _builder_version=&#8221;4.16&#8243; global_colors_info=&#8221;{}&#8221;][\/et_pb_wc_cart_notice][\/et_pb_column][\/et_pb_row][et_pb_row column_structure=&#8221;1_2,1_2&#8243; _builder_version=&#8221;4.16&#8243; background_size=&#8221;initial&#8221; background_position=&#8221;top_left&#8221; background_repeat=&#8221;repeat&#8221; width=&#8221;100%&#8221; custom_padding=&#8221;0px||||false|false&#8221; global_colors_info=&#8221;{}&#8221;][et_pb_column type=&#8221;1_2&#8243; _builder_version=&#8221;4.16&#8243; custom_padding=&#8221;|||&#8221; global_colors_info=&#8221;{}&#8221; custom_padding__hover=&#8221;|||&#8221;][et_pb_wc_images _builder_version=&#8221;4.16&#8243; global_colors_info=&#8221;{}&#8221;][\/et_pb_wc_images][\/et_pb_column][et_pb_column type=&#8221;1_2&#8243; _builder_version=&#8221;4.16&#8243; custom_padding=&#8221;|||&#8221; global_colors_info=&#8221;{}&#8221; custom_padding__hover=&#8221;|||&#8221;][et_pb_wc_title _builder_version=&#8221;4.16&#8243; global_colors_info=&#8221;{}&#8221;][\/et_pb_wc_title][et_pb_wc_rating _builder_version=&#8221;4.16&#8243; global_colors_info=&#8221;{}&#8221;][\/et_pb_wc_rating][et_pb_wc_price _builder_version=&#8221;4.16&#8243; global_colors_info=&#8221;{}&#8221;][\/et_pb_wc_price][et_pb_wc_description _builder_version=&#8221;4.16&#8243; global_colors_info=&#8221;{}&#8221;][\/et_pb_wc_description][et_pb_wc_add_to_cart _builder_version=&#8221;4.16&#8243; global_colors_info=&#8221;{}&#8221;][\/et_pb_wc_add_to_cart][et_pb_wc_meta _builder_version=&#8221;4.16&#8243; global_colors_info=&#8221;{}&#8221;][\/et_pb_wc_meta][\/et_pb_column][\/et_pb_row][et_pb_row _builder_version=&#8221;4.16&#8243; background_size=&#8221;initial&#8221; background_position=&#8221;top_left&#8221; background_repeat=&#8221;repeat&#8221; width=&#8221;100%&#8221; global_colors_info=&#8221;{}&#8221;][et_pb_column type=&#8221;4_4&#8243; _builder_version=&#8221;4.16&#8243; custom_padding=&#8221;|||&#8221; global_colors_info=&#8221;{}&#8221; custom_padding__hover=&#8221;|||&#8221;][et_pb_wc_tabs _builder_version=&#8221;4.16&#8243; global_colors_info=&#8221;{}&#8221;]\t\t\t\t\t[\/et_pb_wc_tabs][et_pb_wc_upsells _builder_version=&#8221;4.16&#8243; global_colors_info=&#8221;{}&#8221;][\/et_pb_wc_upsells][et_pb_wc_related_products _builder_version=&#8221;4.16&#8243; global_colors_info=&#8221;{}&#8221;][\/et_pb_wc_related_products][\/et_pb_column][\/et_pb_row][\/et_pb_section][et_pb_section fb_built=&#8221;1&#8243; _builder_version=&#8221;4.16&#8243; custom_padding=&#8221;0px||||false|false&#8221; da_disable_devices=&#8221;off|off|off&#8221; global_colors_info=&#8221;{}&#8221; da_is_popup=&#8221;off&#8221; da_exit_intent=&#8221;off&#8221; da_has_close=&#8221;on&#8221; da_alt_close=&#8221;off&#8221; da_dark_close=&#8221;off&#8221; da_not_modal=&#8221;on&#8221; da_is_singular=&#8221;off&#8221; da_with_loader=&#8221;off&#8221; da_has_shadow=&#8221;on&#8221;][et_pb_row _builder_version=&#8221;4.16&#8243; background_size=&#8221;initial&#8221; background_position=&#8221;top_left&#8221; background_repeat=&#8221;repeat&#8221; width=&#8221;100%&#8221; custom_padding=&#8221;0px||0px||false|false&#8221; global_colors_info=&#8221;{}&#8221;][et_pb_column type=&#8221;4_4&#8243; _builder_version=&#8221;4.16&#8243; custom_padding=&#8221;|||&#8221; global_colors_info=&#8221;{}&#8221; custom_padding__hover=&#8221;|||&#8221;][et_pb_wc_breadcrumb _builder_version=&#8221;4.16&#8243; global_colors_info=&#8221;{}&#8221;][\/et_pb_wc_breadcrumb][et_pb_wc_cart_notice _builder_version=&#8221;4.16&#8243; global_colors_info=&#8221;{}&#8221;][\/et_pb_wc_cart_notice][\/et_pb_column][\/et_pb_row][et_pb_row column_structure=&#8221;1_2,1_2&#8243; _builder_version=&#8221;4.16&#8243; background_size=&#8221;initial&#8221; background_position=&#8221;top_left&#8221; background_repeat=&#8221;repeat&#8221; width=&#8221;100%&#8221; custom_padding=&#8221;0px||||false|false&#8221; global_colors_info=&#8221;{}&#8221;][et_pb_column type=&#8221;1_2&#8243; _builder_version=&#8221;4.16&#8243; custom_padding=&#8221;|||&#8221; global_colors_info=&#8221;{}&#8221; custom_padding__hover=&#8221;|||&#8221;][et_pb_wc_images _builder_version=&#8221;4.16&#8243; global_colors_info=&#8221;{}&#8221;][\/et_pb_wc_images][\/et_pb_column][et_pb_column type=&#8221;1_2&#8243; _builder_version=&#8221;4.16&#8243; custom_padding=&#8221;|||&#8221; global_colors_info=&#8221;{}&#8221; custom_padding__hover=&#8221;|||&#8221;][et_pb_wc_title _builder_version=&#8221;4.16&#8243; global_colors_info=&#8221;{}&#8221;][\/et_pb_wc_title][et_pb_wc_rating _builder_version=&#8221;4.16&#8243; global_colors_info=&#8221;{}&#8221;][\/et_pb_wc_rating][et_pb_wc_price _builder_version=&#8221;4.16&#8243; global_colors_info=&#8221;{}&#8221;][\/et_pb_wc_price][et_pb_wc_description _builder_version=&#8221;4.16&#8243; global_colors_info=&#8221;{}&#8221;][\/et_pb_wc_description][et_pb_wc_add_to_cart _builder_version=&#8221;4.16&#8243; global_colors_info=&#8221;{}&#8221;][\/et_pb_wc_add_to_cart][et_pb_wc_meta _builder_version=&#8221;4.16&#8243; global_colors_info=&#8221;{}&#8221;][\/et_pb_wc_meta][\/et_pb_column][\/et_pb_row][et_pb_row _builder_version=&#8221;4.16&#8243; background_size=&#8221;initial&#8221; background_position=&#8221;top_left&#8221; background_repeat=&#8221;repeat&#8221; width=&#8221;100%&#8221; global_colors_info=&#8221;{}&#8221;][et_pb_column type=&#8221;4_4&#8243; _builder_version=&#8221;4.16&#8243; custom_padding=&#8221;|||&#8221; global_colors_info=&#8221;{}&#8221; custom_padding__hover=&#8221;|||&#8221;][et_pb_wc_tabs _builder_version=&#8221;4.16&#8243; global_colors_info=&#8221;{}&#8221;]\t\t\t\t\t[\/et_pb_wc_tabs][et_pb_wc_upsells _builder_version=&#8221;4.16&#8243; global_colors_info=&#8221;{}&#8221;][\/et_pb_wc_upsells][et_pb_wc_related_products _builder_version=&#8221;4.16&#8243; global_colors_info=&#8221;{}&#8221;][\/et_pb_wc_related_products][\/et_pb_column][\/et_pb_row][\/et_pb_section]<\/p>\n","protected":false},"excerpt":{"rendered":"<h3>Smarta s\u00e4ngv\u00e4tningsbyxor f\u00f6r barn &#8211; en del av DryGuardians-metoden.<\/h3>\n<p>Pjama DryGuardians Nattkl\u00e4der f\u00f6r barn &#8211; Byxor skyddar s\u00e4ngen fr\u00e5n v\u00e4ta samtidigt som de m\u00f6jligg\u00f6r effektiv behandling av s\u00e4ngv\u00e4tning (enures).<\/p>\n<p>Kompatibel med Pjama DryGuardians S\u00e4ngv\u00e4tningslarm &#8211; behandla s\u00e4ngv\u00e4tning enkelt, s\u00e4kert och bekv\u00e4mt.<\/p>\n<p>Andningsbar och helt vattent\u00e4t f\u00f6r att h\u00e5lla s\u00e4ngen torr. Lika mjuk och bekv\u00e4m som en vanlig pyjamas f\u00f6r s\u00e4ngv\u00e4tning.<\/p>\n<p>Maskintv\u00e4ttbar i 60\u00b0C och t\u00e5l torktumlare &#8211; byxor f\u00f6r upprepad anv\u00e4ndning.<\/p>\n<p>Kompatibel med DryGuardians App, en kostnadsfri behandlingstj\u00e4nst f\u00f6r att hantera s\u00e4ngv\u00e4tning.<\/p>\n","protected":false},"featured_media":31281,"template":"","meta":{"_et_pb_use_builder":"on","_et_pb_old_content":"<h3 style=\"color: #d35917\">Pjama DryGuardians Nattkl\u00e4der f\u00f6r barn - Byxor<\/h3>\n<h4 style=\"color: #072130\">Effektiv behandling med komfort<\/h4>\nPjama DryGuardians Nattkl\u00e4der f\u00f6r barn - Byxor \u00e4r utformade f\u00f6r att hj\u00e4lpa till vid behandling av s\u00e4ngv\u00e4tning samtidigt som de h\u00e5ller s\u00e4ngen torr om ditt barn kissar i s\u00e4ngen. Dessa behandlingsbyxor \u00e4r ett diskret och effektivt hj\u00e4lpmedel f\u00f6r att hantera nattlig enures hos barn och ungdomar. <strong>Obs: Pjama DryGuardians S\u00e4ngv\u00e4tningslarm ing\u00e5r inte i denna produkt<\/strong>, men kan k\u00f6pas separat eller tillsammans med byxorna i vissa av v\u00e5ra kit. \n<h4 style=\"color: #072130\">Bekv\u00e4m och mjuk<\/h4>\nPjama DryGuardians Nattkl\u00e4der f\u00f6r barn - Byxor \u00e4r tillverkade av ett mjukt material som heter <em>Tencel<\/em>. Det yttre lagret \u00e4r laminerat, vilket g\u00f6r dem vattent\u00e4ta, medan produkten f\u00f6rblir andningsbar. Ett absorberande material \u00e4r sytt i grenen, vilket s\u00e4kerst\u00e4ller att v\u00e4tska stannar kvar i byxorna. Alla material \u00e4r Oeko-Tex-certifierade och s\u00e4kra f\u00f6r barn.   \n\nStorlekarna str\u00e4cker sig fr\u00e5n 98 cm till 164 cm. F\u00f6r exakta m\u00e5tt och absorptionsf\u00f6rm\u00e5ga, se v\u00e5r <a href=\"https:\/\/pjama.eu\/sv\/storleksguide\/\">Size Guide.<\/a> \n<h4 style=\"color: #072130\">Anv\u00e4nd med Pjama S\u00e4ngv\u00e4tningslarm<\/h4>\nPjama DryGuardians Nattkl\u00e4der f\u00f6r barn - Byxor skyddar s\u00e4ngen n\u00e4r ditt barn kissar i s\u00e4ngen och fungerar som ett effektivt hj\u00e4lpmedel f\u00f6r att behandla nattlig enures. Inbyggda sensortr\u00e5dar g\u00f6r det enkelt att ansluta till ett S\u00e4ngv\u00e4tningslarm via tryckknappar i midjebandet. \n\nDet kompatibla <strong>Pjama DryGuardians S\u00e4ngv\u00e4tningslarm<\/strong> best\u00e5r av en sensor och en ljudenhet som aktiveras n\u00e4r fukt detekteras. Du kan ocks\u00e5 ansluta larmet till din smartphone med <em>DryGuardians-appen<\/em>, som erbjuder diskreta signaler, vibrationsvarningar och behandlingsinformation f\u00f6r f\u00f6r\u00e4ldrar. Appen finns tillg\u00e4nglig p\u00e5 <a href=\"https:\/\/play.google.com\/store\/apps\/details?id=com.pjama&hl=sv&gl=SE\">Google Play<\/a> och <a href=\"https:\/\/apps.apple.com\/se\/app\/dryguardians\/id1498084664\">App Store<\/a>.  \n\n\u00c4r du nyfiken p\u00e5 S\u00e4ngv\u00e4tningslarmet? <a href=\"https:\/\/pjama.eu\/sv\/sangvatningslarm\/\">L\u00e4s mer h\u00e4r.<\/a>\n<h4 style=\"color: #072130\">Om produkten<\/h4>\nMed Pjama DryGuardians Nattkl\u00e4der f\u00f6r barn - Pants f\u00e5r du alla f\u00f6rdelarna med vattent\u00e4ta s\u00e4ngv\u00e4tningsbyxor tillsammans med m\u00f6jligheten att ansluta direkt till ett s\u00e4ngv\u00e4tningslarm. Sensortr\u00e5dar i grenen uppt\u00e4cker snabbt fukt och aktiverar larmet, vilket g\u00f6r behandlingen enklare och effektivare f\u00f6r b\u00e5de barn och f\u00f6r\u00e4ldrar. N\u00e4r olyckan \u00e4r framme \u00e4r det bara att hj\u00e4lpa barnet till badrummet, byta ut byxorna och forts\u00e4tta natten utan att byta s\u00e4ng.  \n\n\u00c4ven n\u00e4r du inte \u00e4r hemma forts\u00e4tter behandlingen diskret med byxorna och larmet anslutet till en eller flera mobila enheter. Byxorna \u00e4r l\u00e4tta att tv\u00e4tta och t\u00e5l torktumling, \u00e4ven om de kan ta n\u00e5got l\u00e4ngre tid att torka p\u00e5 grund av sin absorberande design. \n<h4 style=\"color: #072130\">Enkel sk\u00f6tsel<\/h4>\n<span style=\"font-weight: 400\">Pjama DryGuardians Nattkl\u00e4der f\u00f6r barn - Shorts kan tv\u00e4ttas i maskin (60\u00b0C) och kan torktumlas.<\/span> <span style=\"font-weight: 400\">OBS: Byxor och shorts har en l\u00e4ngre torktid p\u00e5 grund av sin absorberande funktion. V\u00e4nd alltid plagget ut och in vid tv\u00e4tt f\u00f6r att underl\u00e4tta fuktavg\u00e5ng fr\u00e5n tyget. <\/span> <span style=\"font-weight: 400\">De \u00e4r slitstarka och kostnadseffektiva <\/span><b>Pjama garanterar minst 100 tv\u00e4ttar och upp till 4 m\u00e5naders regelbunden anv\u00e4ndning n\u00e4r den sk\u00f6ts enligt v\u00e5ra tv\u00e4ttr\u00e5d.<\/b> <span style=\"font-weight: 400\">En p\u00e5litlig och praktisk l\u00f6sning f\u00f6r barn som kissar i s\u00e4ngen p\u00e5 natten.<\/span> <a href=\"https:\/\/pjama.eu\/sv\/tvattrad-pjama\/\">L\u00e4s fullst\u00e4ndiga sk\u00f6tselanvisningar ><\/a> \n<h4 style=\"color: #072130\">Produktinformation<\/h4>\n<ul>\n \t<li>Kan anslutas till Pjama S\u00e4ngv\u00e4tningslarm (via knappar i midjebandet)<\/li>\n \t<li>Inbyggda sensorkablar<\/li>\n \t<li>Absorberande (skyddar s\u00e4ngen)<\/li>\n \t<li>Bekv\u00e4m och mjuk<\/li>\n \t<li>Diskret och praktisk<\/li>\n \t<li>Maskintv\u00e4ttbar i 60\u00b0C<\/li>\n \t<li>T\u00e5l torktumlare<\/li>\n \t<li>Storlekar: Barn<\/li>\n \t<li>F\u00e4rg: Gr\u00e5<\/li>\n<\/ul>\n<h4 style=\"color: #072130\">Behandling av s\u00e4ngv\u00e4tning: Motivation och t\u00e5lamod<\/h4>\nBehandlingen av nattlig enures kr\u00e4ver motivation och t\u00e5lamod, s\u00e4rskilt under de f\u00f6rsta veckorna. F\u00f6r b\u00e5de barn och f\u00f6r\u00e4ldrar \u00e4r det viktigt att s\u00e4tta upp realistiska m\u00e5l och fira framstegen. Kom ih\u00e5g: en torr s\u00e4ng utan hj\u00e4lpmedel \u00e4r det ultimata m\u00e5let, och resan blir enklare med verktyg som Pjama DryGuardians Nattkl\u00e4der (byxor - barn) i kombination med S\u00e4ngv\u00e4tningslarmet.\n\nF\u00f6r\u00e4ldrarna kan hj\u00e4lpa till genom att ge positiv feedback och uppmuntran. Med <em>DryGuardians App<\/em> kan du f\u00e5 behandlingstips och f\u00f6lja upp framsteg, vilket skapar ett s\u00e4krare och mer effektivt s\u00e4tt att hantera s\u00e4ngv\u00e4tning. \n\n<footer>\u00a9 2024 Pjama.<\/footer>","_et_gb_content_width":""},"product_brand":[],"product_cat":[335,340,334],"product_tag":[],"class_list":{"0":"post-25177","1":"product","2":"type-product","3":"status-publish","4":"has-post-thumbnail","6":"product_cat-behandling-av-pjama","7":"product_cat-pjamadryguardians_2025","8":"product_cat-tillbehor","9":"product_shipping_class-eu","10":"pa_size-3-4-ar","11":"pa_size-alder-10-12-ar","12":"pa_size-alder-10-12-ljus","13":"pa_size-alder-5-6-ar","14":"pa_size-alder-6-8-ar","15":"pa_size-alder-6-8-ljus","16":"pa_size-alder-8-10-ar","17":"pa_size-alder-8-10-ljus","18":"pa_size-liten","20":"first","21":"instock","22":"taxable","23":"shipping-taxable","24":"purchasable","25":"product-type-variable"},"composite_virtual":false,"composite_layout":"","composite_add_to_cart_form_location":"","composite_editable_in_cart":false,"composite_sold_individually_context":"","composite_shop_price_calc":"","composite_components":[],"composite_scenarios":[],"_links":{"self":[{"href":"https:\/\/pjama.eu\/sv\/wp-json\/wp\/v2\/product\/25177","targetHints":{"allow":["GET"]}}],"collection":[{"href":"https:\/\/pjama.eu\/sv\/wp-json\/wp\/v2\/product"}],"about":[{"href":"https:\/\/pjama.eu\/sv\/wp-json\/wp\/v2\/types\/product"}],"wp:featuredmedia":[{"embeddable":true,"href":"https:\/\/pjama.eu\/sv\/wp-json\/wp\/v2\/media\/31281"}],"wp:attachment":[{"href":"https:\/\/pjama.eu\/sv\/wp-json\/wp\/v2\/media?parent=25177"}],"wp:term":[{"taxonomy":"product_brand","embeddable":true,"href":"https:\/\/pjama.eu\/sv\/wp-json\/wp\/v2\/product_brand?post=25177"},{"taxonomy":"product_cat","embeddable":true,"href":"https:\/\/pjama.eu\/sv\/wp-json\/wp\/v2\/product_cat?post=25177"},{"taxonomy":"product_tag","embeddable":true,"href":"https:\/\/pjama.eu\/sv\/wp-json\/wp\/v2\/product_tag?post=25177"}],"curies":[{"name":"wp","href":"https:\/\/api.w.org\/{rel}","templated":true}]}}