{"id":25665,"date":"2023-12-01T14:09:29","date_gmt":"2023-12-01T13:09:29","guid":{"rendered":"https:\/\/pjama.eu\/product\/pjama-protect-orngott\/"},"modified":"2025-12-27T12:50:06","modified_gmt":"2025-12-27T11:50:06","slug":"pjama-protect-orngott","status":"publish","type":"product","link":"https:\/\/pjama.eu\/sv\/produkt\/pjama-protect-orngott\/","title":{"rendered":"Pjama Protect \u00f6rngott"},"content":{"rendered":"<h4>Skydd f\u00f6r din kudde och \u00f6rngott i ett!<\/h4>\n<p><strong>\u00d6rngottet Pjama Protect \u00e4r tillverkat av Tencel-fibrer, mjukare \u00e4n siden, vilket g\u00f6r din kudde till en dr\u00f6m att sova p\u00e5.<\/strong><\/p>\n<p> <strong> Vattent\u00e4t <\/strong><br \/>\nDet fina polyuretanmembranet hindrar v\u00e4tskor fr\u00e5n att tr\u00e4nga in i kudden samtidigt som det fungerar som en barri\u00e4r f\u00f6r damm. Det omsluter hela kudden med en dragkedja p\u00e5 sidan. <\/p>\n<p> <strong> Dammbarri\u00e4r <\/strong><br \/>\nTack vare det fina polyuretanmembranet fungerar tyget som en dammbarri\u00e4r som f\u00f6rhindrar inandning av dammkvalster som orsakar allergier i luftv\u00e4garna. Fri fr\u00e5n kemiska behandlingar. <\/p>\n<p> <strong> Andas <\/strong><br \/>\nTyget hindrar v\u00e4tskor fr\u00e5n att sippra igenom samtidigt som det andas helt och h\u00e5llet.<\/p>\n<p> <strong> Natural <\/strong><br \/>\nTygets yta \u00e4r 100% naturlig, tillverkad av tr\u00e4fibrer: TENCEL\u2122 \/ SMARTCEL\u2122. Fri fr\u00e5n kemiska behandlingar. <\/p>\n<p> <strong> Silent <\/strong><br \/>\nEtt helt diskret tyg: om\u00e4rkligt och ljudl\u00f6st.<\/p>\n<p> <strong> Antibakteriell <\/strong><br \/>\nTack vare TENCEL\u2122 Lyocell-fibrer, med utm\u00e4rkt fuktkontroll, och SMARTCEL\u2122-fibrer, som har viktiga antibakteriella egenskaper, f\u00f6rhindras bakterietillv\u00e4xt.<\/p>\n<p> <strong> L\u00e4ttsk\u00f6tt <\/strong><br \/>\nMaskintv\u00e4tt i 60\u00b0C och torktumling p\u00e5 l\u00e5g v\u00e4rme.<\/p>\n<p> <strong> Bi-elastisk <\/strong><br \/>\nDen anpassar sig perfekt till kudden den skyddar.<\/p>\n<p> <strong> Kosmetisk effekt <\/strong><br \/>\nZinkoxid \u00e4r bra f\u00f6r huden och fr\u00e4mjar den naturliga f\u00f6rnyelsen av hudceller.<\/p>\n<p> <strong> Luktkontroll <\/strong><br \/>\nTENCEL\u2122- och SMARTCEL\u2122-fibrer f\u00f6rhindrar lukt som orsakas av bakterie- och svamptillv\u00e4xt.<\/p>\n<p> <strong> Milj\u00f6v\u00e4nligt <\/strong><br \/>\nTillverkningsprocessen f\u00f6r b\u00e5de tyget och den f\u00e4rdiga produkten \u00e4r milj\u00f6v\u00e4nlig.<\/p>\n","protected":false},"excerpt":{"rendered":"<h4><span data-sheets-root=\"1\">Skyddande \u00f6rngott med membran som andas<\/span><\/h4>\n<p><strong>\u00d6rngottet Pjama Protect \u00e4r tillverkat av Tencel-fibrer, mjukare \u00e4n siden, vilket g\u00f6r din kudde till en dr\u00f6m att sova p\u00e5.<\/strong><\/p>\n<p>V\u00e5ra s\u00e4ngar och kuddar uts\u00e4tts dagligen f\u00f6r en m\u00e4ngd olika skadliga faktorer. V\u00e5ra \u00f6rngott skyddar din kudde fr\u00e5n saker som t.ex: <\/p>\n<p>&#8211; Fukt &#8211; Varje natt f\u00f6rlorar en person upp till 0,5 liter vatten genom avdunstning.<br \/>\n&#8211; Inkontinensl\u00e4ckage &#8211; I olika skeden av livet kan vi drabbas av s\u00e4ngv\u00e4tning eller enures.<br \/>\n&#8211; Smuts och v\u00e4tskor &#8211; fr\u00e5n mat, husdjur och andra k\u00e4llor.<br \/>\n&#8211; Dammkvalster och allergener.<\/p>\n<p>Det fina polyuretanmembranet hindrar v\u00e4tskor fr\u00e5n att tr\u00e4nga in i kudden samtidigt som det fungerar som en barri\u00e4r f\u00f6r damm, vilket f\u00f6rhindrar inandning av dammkvalster och hj\u00e4lper till vid allergier. Skyddet t\u00e4cker hela kudden och f\u00f6rsluts med en dragkedja p\u00e5 sidan. Skydden \u00e4r av h\u00f6gsta kvalitet och klassificeras som medicintekniska produkter.  <\/p>\n<p>Om du eller ditt barn lider av s\u00e4ngv\u00e4tning eller <em>enures<\/em> kan du l\u00e4sa mer om det <a href=\"https:\/\/pjama.eu\/sv\/vad-ar-enures\/\">h\u00e4r.<\/a><\/p>\n","protected":false},"featured_media":22884,"template":"","meta":{"_et_pb_use_builder":"","_et_pb_old_content":"","_et_gb_content_width":""},"product_brand":[],"product_cat":[513,303,426],"product_tag":[],"class_list":{"0":"post-25665","1":"product","2":"type-product","3":"status-publish","4":"has-post-thumbnail","6":"product_cat-skydd-for-madrasser-och-sangklader","7":"product_cat-barn-och-ungdomar","8":"product_cat-pjamaprotect_2025","9":"product_shipping_class-eu","10":"pa_size-55-x-35-cm","11":"pa_size-55-x-60-cm","13":"first","14":"instock","15":"taxable","16":"shipping-taxable","17":"purchasable","18":"product-type-variable"},"composite_virtual":false,"composite_layout":"","composite_add_to_cart_form_location":"","composite_editable_in_cart":false,"composite_sold_individually_context":"","composite_shop_price_calc":"","composite_components":[],"composite_scenarios":[],"_links":{"self":[{"href":"https:\/\/pjama.eu\/sv\/wp-json\/wp\/v2\/product\/25665","targetHints":{"allow":["GET"]}}],"collection":[{"href":"https:\/\/pjama.eu\/sv\/wp-json\/wp\/v2\/product"}],"about":[{"href":"https:\/\/pjama.eu\/sv\/wp-json\/wp\/v2\/types\/product"}],"wp:featuredmedia":[{"embeddable":true,"href":"https:\/\/pjama.eu\/sv\/wp-json\/wp\/v2\/media\/22884"}],"wp:attachment":[{"href":"https:\/\/pjama.eu\/sv\/wp-json\/wp\/v2\/media?parent=25665"}],"wp:term":[{"taxonomy":"product_brand","embeddable":true,"href":"https:\/\/pjama.eu\/sv\/wp-json\/wp\/v2\/product_brand?post=25665"},{"taxonomy":"product_cat","embeddable":true,"href":"https:\/\/pjama.eu\/sv\/wp-json\/wp\/v2\/product_cat?post=25665"},{"taxonomy":"product_tag","embeddable":true,"href":"https:\/\/pjama.eu\/sv\/wp-json\/wp\/v2\/product_tag?post=25665"}],"curies":[{"name":"wp","href":"https:\/\/api.w.org\/{rel}","templated":true}]}}