{"id":30056,"date":"2022-12-15T14:39:25","date_gmt":"2022-12-15T13:39:25","guid":{"rendered":"https:\/\/pjama.eu\/product\/pjama-vibrerande-larmklocka-bla\/"},"modified":"2025-12-27T16:25:49","modified_gmt":"2025-12-27T15:25:49","slug":"pjama-vibrerande-larmklocka-bla","status":"publish","type":"product","link":"https:\/\/pjama.eu\/sv\/produkt\/pjama-vibrerande-larmklocka-bla\/","title":{"rendered":"Pjama Vibrerande Larmklocka &#8211; Bl\u00e5"},"content":{"rendered":"<h4>Pjama Vibrerande Larmklocka &#8211; Bl\u00e5<\/h4>\n<p>En snygg och modern vibrerande Larmklocka som anv\u00e4nds vid urinl\u00e4ckage dagtid som en p\u00e5minnelse om att g\u00e5 p\u00e5 toaletten. Larmet kan st\u00e4llas in p\u00e5 upp till 8 intervall per dag. Bandet \u00e4r tillverkat av mjuk och flexibel silikon och kan justeras till r\u00e4tt storlek. Pjama Vibrerande Larmklocka &#8211; Bl\u00e5 har en digital LED-sk\u00e4rm. Denna vibrerande p\u00e5minnelseklocka \u00e4r ocks\u00e5 idealisk som ett p\u00e5minnelseverktyg f\u00f6r barn. <\/p>\n<p>Klockan visar tiden precis som en vanlig klocka. Pjama Vibrerande Larmklocka &#8211; Bl\u00e5 anv\u00e4nds f\u00f6r att p\u00e5minna barn eller vuxna om att t\u00f6mma bl\u00e5san under dagen eller f\u00f6r andra n\u00f6dv\u00e4ndiga p\u00e5minnelser. Den fungerar som ett vibrerande armbandsur f\u00f6r praktisk och diskret anv\u00e4ndning i vardagen. <\/p>\n<h4>Daglig anv\u00e4ndning<\/h4>\n<p>Pjama Vibrerande Larmklocka &#8211; Bl\u00e5 kan anv\u00e4ndas av barn och vuxna som lider av dagv\u00e4tning och beh\u00f6ver p\u00e5minnelser om att g\u00e5 p\u00e5 toaletten.<\/p>\n<ul>\n<li>Tryck en g\u00e5ng p\u00e5 Time\/Alarm-knappen f\u00f6r att visa tiden.<\/li>\n<li>Tryck tv\u00e5 g\u00e5nger p\u00e5 Time\/Alarm-knappen f\u00f6r att kontrollera batteriladdningen (fr\u00e5n 0 till 100 %).<\/li>\n<li>Vibrationen kan stoppas omedelbart genom att trycka p\u00e5 en knapp, eller s\u00e5 stoppas den automatiskt efter 60 sekunder.<\/li>\n<\/ul>\n<p>Den h\u00e4r vibrerande klockan f\u00f6r barn ger diskret feedback med vibrationer som p\u00e5minner dem om att bes\u00f6ka toaletten.<\/p>\n<h4>Laddning av klockan<\/h4>\n<p>Ta bort klockan fr\u00e5n gummifodralet och anslut USB-porten till din powerbank (5V) eller laptop. N\u00e4r USB-kabeln \u00e4r ansluten lyser ett bl\u00e5tt ljus f\u00f6r att indikera laddning. N\u00e4r klockan \u00e4r fulladdad kommer den bl\u00e5 indikatorlampan att forts\u00e4tta lysa.   Batteriet i en fulladdad klocka kan h\u00e5lla i 6-15 dagar. Den h\u00e4r vibrerande p\u00e5minnelseklockan \u00e4r utformad f\u00f6r att vara h\u00e5llbar och enkel att anv\u00e4nda f\u00f6r b\u00e5de barn och vuxna.<\/p>\n<h4>Detaljer<\/h4>\n<p>Str\u00f6mk\u00e4lla: DC 5V, Laddningsing\u00e5ng: Micro USB, Drifttemperatur: 0 till 45\u00b0C.<\/p>\n<h4>Tips f\u00f6r barn med urininkontinens under dagtid<\/h4>\n<p>Dagv\u00e4tning hos barn \u00e4r ett vanligt problem. Cirka 3-4% av alla barn mellan 3 och 12 \u00e5r upplever regelbundet urinl\u00e4ckage dagtid, men det kan f\u00f6rsvinna med r\u00e4tt st\u00f6d. <\/p>\n<ul>\n<li>Uppmuntra barnet att g\u00e5 p\u00e5 toaletten regelbundet, \u00e4ven om det inte k\u00e4nner n\u00e5got behov av det.<\/li>\n<li>Planera in regelbundna toaletttider och se till att barnet t\u00f6mmer bl\u00e5san helt.<\/li>\n<li>En urindagbok kan hj\u00e4lpa till att sp\u00e5ra m\u00f6nster och f\u00f6rb\u00e4ttra kontrollen \u00f6ver urinbl\u00e5san.<\/li>\n<li>Straffa aldrig barnet f\u00f6r olyckor &#8211; uppmuntra det i st\u00e4llet och st\u00e4rk dess sj\u00e4lvf\u00f6rtroende.<\/li>\n<li>Se till att barnet dricker tillr\u00e4ckligt f\u00f6r att uppr\u00e4tth\u00e5lla en god v\u00e4tskebalans och underl\u00e4tta toalettbes\u00f6k.<\/li>\n<li>Ett vibrerande armbandsur kan vara ett bra hj\u00e4lpmedel f\u00f6r att p\u00e5minna barnet om att g\u00e5 p\u00e5 toaletten, s\u00e4rskilt n\u00e4r du inte \u00e4r d\u00e4r och kan p\u00e5minna barnet personligen.<\/li>\n<\/ul>\n<h4>Om ditt barn kissar i s\u00e4ngen p\u00e5 natten<\/h4>\n<p>Den medicinska termen f\u00f6r s\u00e4ngv\u00e4tning \u00e4r nattlig enures. Experter uppskattar att upp till 160 miljoner m\u00e4nniskor v\u00e4rlden \u00f6ver lider av s\u00e4ngv\u00e4tning. S\u00e4ngv\u00e4tning kan ha en negativ inverkan p\u00e5 familjer, men det finns n\u00e5gra tips p\u00e5 hur man kan hantera problemet:  <\/p>\n<ul>\n<li>S\u00e4ngv\u00e4tning \u00e4r inte ditt barns fel. Straffa eller reta inte barnet. <\/li>\n<li>L\u00e5t barnet dricka vad det vill. Svensk forskning visar att det har liten inverkan p\u00e5 behandlingar med S\u00e4ngv\u00e4tningslarm. <\/li>\n<li>Anv\u00e4nd <a href=\"https:\/\/pjama.eu\/sv\/pjama-sangvatningsbutik\/\">Pjama<\/a> n\u00e4r ditt barn sover, b\u00e5de hemma och borta.<\/li>\n<li>F\u00f6r v\u00e4tskebrist under dagtid, anv\u00e4nd Pjama Vibrerande Larmklocka &#8211; Bl\u00e5.<\/li>\n<li>Ladda ner v\u00e5r <a href=\"https:\/\/pjama.eu\/sv\/dryguardians-app-hjalper-dig-att-behandla-sangvatning-gratis\/\">DryGuardians-app<\/a> f\u00f6r att anv\u00e4nda kalendern och registrera framsteg. Detta \u00e4r ocks\u00e5 anv\u00e4ndbart n\u00e4r du kontaktar en l\u00e4kare. <\/li>\n<li>Prata om det! M\u00e5nga vuxna och barn lider av s\u00e4ngv\u00e4tning, men ingen pratar om det. <\/li>\n<\/ul>\n<h4>Vill du veta mer?<\/h4>\n<p>Du kan l\u00e4sa mer om s\u00e4ngv\u00e4tning p\u00e5 v\u00e5r sida <a href=\"https:\/\/pjama.eu\/sv\/vad-ar-enures\/\">Vad \u00e4r enures?<\/a><\/p>\n","protected":false},"excerpt":{"rendered":"<h4><span data-sheets-root=\"1\">Discreet Pjama Vibrerande Larmklocka &#8211; Bl\u00e5 &#8211; p\u00e5minnelser om toalettbes\u00f6k eller medicinering p\u00e5 dagtid<\/span><\/h4>\n<p>En snygg och modern vibrerande Larmklocka som anv\u00e4nds vid urinl\u00e4ckage dagtid som en p\u00e5minnelse om att g\u00e5 p\u00e5 toaletten eller f\u00f6r andra p\u00e5minnelser.<\/p>\n<ul>\n<li>Digital LED-sk\u00e4rm.<\/li>\n<li>Klockan visar tiden precis som en vanlig klocka.<\/li>\n<li>Larmet kan st\u00e4llas in p\u00e5 upp till 8 intervall per dag.<\/li>\n<li>Bandet \u00e4r tillverkat av mjuk och flexibel silikon och kan justeras till r\u00e4tt storlek.<\/li>\n<li>Laddas via Micro USB.<\/li>\n<li>Batteriet i en fulladdad klocka kan h\u00e5lla i 6-15 dagar.<\/li>\n<\/ul>\n<p>N\u00e4r Pjama Vibrerande Larmklocka &#8211; Bl\u00e5 inte l\u00e4ngre beh\u00f6vs f\u00f6r p\u00e5minnelser om att g\u00e5 p\u00e5 toaletten fungerar den perfekt som ett vanligt armbandsur.<\/p>\n","protected":false},"featured_media":28040,"template":"","meta":{"_et_pb_use_builder":"","_et_pb_old_content":"","_et_gb_content_width":""},"product_brand":[],"product_cat":[308,303,309],"product_tag":[],"class_list":{"0":"post-30056","1":"product","2":"type-product","3":"status-publish","4":"has-post-thumbnail","6":"product_cat-klocka-med-vibrationslarm","7":"product_cat-barn-och-ungdomar","8":"product_cat-tillbehor_2025","9":"product_shipping_class-eu","11":"first","12":"instock","13":"taxable","14":"shipping-taxable","15":"purchasable","16":"product-type-simple"},"composite_virtual":false,"composite_layout":"","composite_add_to_cart_form_location":"","composite_editable_in_cart":false,"composite_sold_individually_context":"","composite_shop_price_calc":"","composite_components":[],"composite_scenarios":[],"_links":{"self":[{"href":"https:\/\/pjama.eu\/sv\/wp-json\/wp\/v2\/product\/30056","targetHints":{"allow":["GET"]}}],"collection":[{"href":"https:\/\/pjama.eu\/sv\/wp-json\/wp\/v2\/product"}],"about":[{"href":"https:\/\/pjama.eu\/sv\/wp-json\/wp\/v2\/types\/product"}],"wp:featuredmedia":[{"embeddable":true,"href":"https:\/\/pjama.eu\/sv\/wp-json\/wp\/v2\/media\/28040"}],"wp:attachment":[{"href":"https:\/\/pjama.eu\/sv\/wp-json\/wp\/v2\/media?parent=30056"}],"wp:term":[{"taxonomy":"product_brand","embeddable":true,"href":"https:\/\/pjama.eu\/sv\/wp-json\/wp\/v2\/product_brand?post=30056"},{"taxonomy":"product_cat","embeddable":true,"href":"https:\/\/pjama.eu\/sv\/wp-json\/wp\/v2\/product_cat?post=30056"},{"taxonomy":"product_tag","embeddable":true,"href":"https:\/\/pjama.eu\/sv\/wp-json\/wp\/v2\/product_tag?post=30056"}],"curies":[{"name":"wp","href":"https:\/\/api.w.org\/{rel}","templated":true}]}}