{"id":30141,"date":"2021-02-01T11:50:10","date_gmt":"2021-02-01T10:50:10","guid":{"rendered":"https:\/\/pjama.eu\/product\/pjama-dryguardians-underklader-och-larmkit-briefs\/"},"modified":"2025-12-28T13:18:12","modified_gmt":"2025-12-28T12:18:12","slug":"pjama-dryguardians-underklader-och-larmkit-briefs","status":"publish","type":"product","link":"https:\/\/pjama.eu\/sv\/produkt\/pjama-dryguardians-underklader-och-larmkit-briefs\/","title":{"rendered":"Pjama DryGuardians Underkl\u00e4der- och larmkit &#8211; Briefs"},"content":{"rendered":"<h3>Pjama DryGuardians &#8211; Underkl\u00e4des- och larmkit &#8211; Briefs &#8211; Effektiv larmbehandling mot s\u00e4ngv\u00e4tning<\/h3>\n<p>Pjama DryGuardians &#8211; Underkl\u00e4des- och larmkit &#8211; Briefs \u00e4r den perfekta l\u00f6sningen f\u00f6r flickor som lider av s\u00e4ngv\u00e4tning (nattlig enures). I kombination med v\u00e5r DryGuardians-app f\u00e5r du en effektiv och bekv\u00e4m behandling mot s\u00e4ngv\u00e4tning. Dessa s\u00e4ngv\u00e4tningskalsonger \u00e4r utrustade med insydda sensortr\u00e5dar som snabbt k\u00e4nner av fukt och aktiverar S\u00e4ngv\u00e4tningslarmet f\u00f6r att hj\u00e4lpa barnet att vakna och avbryta urineringen. DryGuardians behandlingstj\u00e4nst analyserar s\u00e4ngv\u00e4tningsincidenter och ger personliga tips, r\u00e5d och f\u00f6ruts\u00e4gelser l\u00e4ngs v\u00e4gen.   <\/p>\n<p>Ladda ner appen DryGuardians fr\u00e5n <a href=\"https:\/\/play.google.com\/store\/apps\/details?id=com.pjama&amp;gl=se&amp;hl=sv\" target=\"_blank\" rel=\"noopener\">Google Play<\/a> eller <a href=\"https:\/\/apps.apple.com\/se\/app\/pjama\/id1498084664?mt=8&amp;l=sv\" target=\"_blank\" rel=\"noopener\">App Store<\/a> f\u00f6r att f\u00f6lja utvecklingen och f\u00e5 skr\u00e4ddarsydd v\u00e4gledning under hela behandlingen av nattlig enures.<\/p>\n<h4>Funktioner<\/h4>\n<p>S\u00e4ngv\u00e4tningslarmet \u00e4r utformat f\u00f6r att hj\u00e4lpa b\u00e5de barn och vuxna med s\u00e4ngv\u00e4tning och fungerar som en f\u00f6rsta linjens behandling av enures. Sensorn som sitter p\u00e5 Pjama-kl\u00e4derna \u00e4r ansluten till en larmenhet som aktiveras vid fuktkontakt. Denna larmbehandling f\u00f6r enures fungerar genom att omedelbart avbryta s\u00e4ngv\u00e4tningen och tr\u00e4na hj\u00e4rnan att reagera p\u00e5 kroppens signaler.  <\/p>\n<p>Pjama DryGuardians &#8211; Underkl\u00e4des- och larmkit &#8211; Briefs \u00e4r speciellt utformade f\u00f6r flickors anatomi och urinstr\u00f6mmens kontaktpunkt. Kalsongerna \u00e4r f\u00f6rsedda med tv\u00e5 sm\u00e5 knappar i midjan som g\u00f6r det enkelt att f\u00e4sta sensorn fr\u00e5n S\u00e4ngv\u00e4tningslarmet. Insydda sensortr\u00e5dar runt grenen g\u00f6r att larmsystemet kan uppt\u00e4cka fukt och snabbt aktivera ett s\u00e4ngv\u00e4tningslarm, vilket hj\u00e4lper till att behandla nattlig enures p\u00e5 ett effektivt och s\u00e4kert s\u00e4tt.  <\/p>\n<p>De insydda sensortr\u00e5darna i Pjama DryGuardians Underkl\u00e4der- och larmkit &#8211; Briefs \u00f6kar m\u00e5lomr\u00e5det och s\u00e4kerst\u00e4ller en mer tillf\u00f6rlitlig detektering. I praktiken inneb\u00e4r detta att oavsett var urinen hamnar eller hur ditt barn sover, kommer larmet att detektera s\u00e4ngv\u00e4tning p\u00e5 ett tillf\u00f6rlitligt s\u00e4tt. F\u00f6r flickor, s\u00e4rskilt de som sover p\u00e5 rygg, \u00e4r detta s\u00e4rskilt anv\u00e4ndbart eftersom omr\u00e5det d\u00e4r urinen f\u00f6rst kommer i kontakt med kroppen kan variera.  <\/p>\n<h4>Anv\u00e4ndning<\/h4>\n<p>Att b\u00e4ra kalsongerna f\u00f6r s\u00e4ngv\u00e4tning \u00e4r lika bekv\u00e4mt som att b\u00e4ra vanliga underkl\u00e4der, vilket g\u00f6r dem idealiska f\u00f6r barn som lider av s\u00e4ngv\u00e4tning. Pjama DryGuardians &#8211; Underkl\u00e4des- och larmkit &#8211; Briefs f\u00f6r nattlig enures absorberar inte v\u00e4tska. Behandlingen fokuserar p\u00e5 att bryta vanan att urinera i s\u00e4ngen.  <\/p>\n<p>Paketet inneh\u00e5ller:<\/p>\n<ul>\n<li>2 x Pjama DryGuardians Underkl\u00e4der &#8211; Briefs<\/li>\n<li>1 x Pjama DryGuardians &#8211; komplett larmsats (sensor och ljudenhet)<\/li>\n<\/ul>\n<p>F\u00e4st bara sensorn i midjan p\u00e5 dina s\u00e4ngv\u00e4tningskalsonger och starta S\u00e4ngv\u00e4tningslarmet f\u00f6r att p\u00e5b\u00f6rja behandlingen! Placera S\u00e4ngv\u00e4tningslarmet bredvid s\u00e4ngen.<br \/>\nOm barnet kissar reagerar de k\u00e4nsliga insydda sensortr\u00e5darna i behandlingskalsongerna snabbt och aktiverar larmet. Barnet kan enkelt stoppa larmet genom att trycka p\u00e5 &#8221;ON\/OFF-knappen&#8221; p\u00e5 toppen av larmenheten och sedan g\u00e5 till badrummet f\u00f6r att kissa f\u00e4rdigt.  <\/p>\n<p>F\u00f6r att anv\u00e4nda S\u00e4ngv\u00e4tningslarmet med din smartphone och f\u00e5 tillg\u00e5ng till behandlingstj\u00e4nsten, ladda ner DryGuardians app. Larmet ansluts automatiskt till DryGuardians-appen n\u00e4r den \u00e4r \u00f6ppen p\u00e5 telefonen. <\/p>\n<h4>Sk\u00f6tsel av sensorer<\/h4>\n<p><span style=\"font-weight: 400;\">F\u00f6r b\u00e4sta prestanda ska sensorn alltid tas bort och torkas efter anv\u00e4ndning.<\/span><span style=\"font-weight: 400;\"> <\/span><span style=\"font-weight: 400;\">Undvik att l\u00e5ta den sitta fast p\u00e5 ett v\u00e5tt plagg &#8211; det f\u00f6rhindrar korrosion och f\u00f6rl\u00e4nger batteriets livsl\u00e4ngd.<\/span><\/p>\n<h4>Egenskaper och f\u00f6rdelar Pjama DryGuardians &#8211; Underkl\u00e4des- och larmkit &#8211; Briefs<\/h4>\n<ul>\n<li><strong>Effektiv behandling:<\/strong> Hj\u00e4lper mot nattlig enures hos barn.<\/li>\n<li><strong>Utformad f\u00f6r anv\u00e4ndning \u00f6ver natten:<\/strong> Anv\u00e4nd din smartphone och DryGuardians-appen f\u00f6r diskret behandling.<\/li>\n<li><strong>Laddning via USB:<\/strong> Larmenheten laddas enkelt med en USB-laddare.<\/li>\n<li><strong>Tr\u00e5dl\u00f6st system:<\/strong> Larmenheten kan placeras upp till 10 meter fr\u00e5n sensorn.<\/li>\n<li><strong>Notifieringar till f\u00f6r\u00e4ldrar:<\/strong> Koppla S\u00e4ngv\u00e4tningslarmet till en f\u00f6r\u00e4lders mobiltelefon f\u00f6r att f\u00e5 meddelanden om l\u00e4ckage.<\/li>\n<li><strong>Tillf\u00f6rlitlig detektion:<\/strong> Stort m\u00e5lomr\u00e5de anpassat f\u00f6r urinstr\u00f6mmen.<\/li>\n<li><strong>Bekv\u00e4ma och mjuka:<\/strong> Tillverkad av h\u00f6gkvalitativa, Oeko-Tex-certifierade tyger som \u00e4r s\u00e4kra och skonsamma mot barns hud.<\/li>\n<li><strong>Slitstark:<\/strong> Kan maskintv\u00e4ttas i 60\u00b0C och torktumlas.<\/li>\n<\/ul>\n<p><span style=\"color: #666666; font-size: 14px;\">Kom ih\u00e5g att ta bort Pjama-sensorn f\u00f6r S\u00e4ngv\u00e4tningslarmet n\u00e4r den inte anv\u00e4nds och f\u00f6re tv\u00e4tt.<\/span><\/p>\n<h4>DryGuardians app och s\u00e4ngv\u00e4tningsklinik<\/h4>\n<p>Med appen DryGuardians kan du enkelt f\u00f6lja framstegen i behandlingen av s\u00e4ngv\u00e4tning och nattlig enures. DryGuardians ger f\u00f6ruts\u00e4gelser och rekommendationer som utvecklats i samarbete med svensk sjukv\u00e5rd, skr\u00e4ddarsydda efter dina behandlingsframsteg och s\u00e4kerst\u00e4ller att den \u00e4r optimerad f\u00f6r din specifika situation. Logga alla olyckor och se trender \u00f6ver tid, vilket kan hj\u00e4lpa dig eller ditt barn att h\u00e5lla motivationen uppe. Den insamlade informationen \u00e4r ocks\u00e5 v\u00e4rdefull att dela med l\u00e4kare n\u00e4r ytterligare r\u00e5d beh\u00f6vs.   <\/p>\n<ul>\n<li>Anv\u00e4nd appen som en ljudenhet f\u00f6r ditt S\u00e4ngv\u00e4tningslarm och v\u00e4lj olika larmsignaler.<\/li>\n<li>Registrera kv\u00e4llens resultat i kalendern f\u00f6r att f\u00f6lja framstegen och f\u00e5 personliga tips.<\/li>\n<li>F\u00e5 personlig r\u00e5dgivning och st\u00f6d under behandlingen av enures.<\/li>\n<li>St\u00e4ll in dagslarm f\u00f6r att p\u00e5minna dig eller ditt barn om att g\u00e5 p\u00e5 toaletten under dagen.<\/li>\n<\/ul>\n<p>DryGuardians-appen \u00e4r gratis att ladda ner fr\u00e5n <a href=\"https:\/\/play.google.com\/store\/apps\/details?id=com.pjama&amp;gl=se&amp;hl=sv\" target=\"_blank\" rel=\"noopener\">Google Play<\/a> eller <a href=\"https:\/\/apps.apple.com\/se\/app\/pjama\/id1498084664?mt=8&amp;l=sv\" target=\"_blank\" rel=\"noopener\">App Store<\/a>. L\u00e4s mer om v\u00e5r s\u00e4ngv\u00e4tningsklinik och hur vi kan hj\u00e4lpa dig eller ditt barn p\u00e5 v\u00e5r <a href=\"https:\/\/pjama.eu\/sv\/\">webbplats<\/a>.<\/p>\n<h4>Behandlingsprocessen &#8211; motivation och t\u00e5lamod \u00e4r nyckeln<\/h4>\n<p>Behandling av nattlig enures kr\u00e4ver motivation och t\u00e5lamod, s\u00e4rskilt under de f\u00f6rsta veckorna. F\u00f6r b\u00e5de barn och f\u00f6r\u00e4ldrar \u00e4r det viktigt att s\u00e4tta upp realistiska m\u00e5l och fira framstegen. Kom ih\u00e5g att en torr s\u00e4ng utan hj\u00e4lpmedel \u00e4r m\u00e5let, och resan kan g\u00f6ras enklare med verktyg som DryGuardians for Girls.  <\/p>\n<p>Som f\u00f6r\u00e4lder kan du h\u00e5lla ditt barn motiverat genom att ge positiv feedback och komplimanger. Med hj\u00e4lp av <em>DryGuardians App<\/em> kan du f\u00e5 tips och r\u00e5d som \u00e4r anpassade till hur behandlingen fortskrider. Det h\u00e4r \u00e4r en s\u00e4ker och effektiv v\u00e4g till en b\u00e4ttre vardag f\u00f6r barn och vuxna som lider av enures.  <\/p>\n<p>\u00a9 2024 Pjama.<\/p>\n","protected":false},"excerpt":{"rendered":"<h3>Pjama DryGuardians Underkl\u00e4der- och larmkit &#8211; Briefs<\/h3>\n<p>Pjama DryGuardians &#8211; Underkl\u00e4des- och larmkit &#8211; Briefs \u00e4r en komplett tj\u00e4nst som ger effektiv och s\u00e4ker behandling av enures (s\u00e4ngv\u00e4tning).<\/p>\n<ul>\n<li>Inneh\u00e5ller 2 x Pjama DryGuardians &#8211; underkl\u00e4der &#8211; trosor och 1 x Pjama DryGuardians S\u00e4ngv\u00e4tningslarm Set (sensor och ljudenhet)<\/li>\n<li>Stort m\u00e5lomr\u00e5de f\u00f6r s\u00e4ker och snabb respons vid s\u00e4ngv\u00e4tning.<\/li>\n<li>Lika mjuka och bekv\u00e4ma som vanliga underkl\u00e4der.<\/li>\n<li>Tv\u00e4ttas i maskin i 60\u00b0C och kan torktumlas.<\/li>\n<\/ul>\n<p>Ladda ner DryGuardians App, en gratis behandlingstj\u00e4nst f\u00f6r s\u00e4ngv\u00e4tning, fr\u00e5n <a href=\"https:\/\/play.google.com\/store\/apps\/details?id=com.pjama&amp;gl=se&amp;hl=sv\">Google Play<\/a> eller <a href=\"https:\/\/apps.apple.com\/se\/app\/pjama\/id1498084664?mt=8&amp;l=sv\">App Store<\/a>.<\/p>\n","protected":false},"featured_media":31184,"template":"","meta":{"_et_pb_use_builder":"off","_et_pb_old_content":"<h3>BEDWETTING ALARM WITH UNISEX BRIEFS UNDERWEAR- STARTER KIT<\/h3>\r\nPjama Bedwetting Alarm with Unisex Briefs Underwear-Starter Kit is a complete product for treatment of bedwetting. The Pjama Bedwetting Alarm also connects to smartphone. Download the app from <a href=\"https:\/\/play.google.com\/store\/apps\/details?id=com.pjama\">Google Play<\/a> or <a href=\"https:\/\/apps.apple.com\/us\/app\/pjama\/id1498084664\">App Store<\/a>.\r\n\r\nPjama Treatment Unisex Briefs underwear has sewn-in sensor threads, adapted for both boys and girls, to which you easily connect the Pjama Bedwetting Alarm. The Pjama Bedwetting Alarm includes 1 Pjama Sensor and 1 Pjama Speaker.\r\n\r\nFor treatment, you simply connect the Pjama Sensor to 2 small buttons by the waist of the Pjama Treatment Unisex Briefs underwear which in turn wirelessly communicates with the bedwetting alarm unit or your smartphone.\r\nSuitable for laundry in the washing machine at 60 degrees and tumble dry.\r\n\r\nWearing Pjama Treatment Unisex Briefs underwear are as nice as wearing any other underwear, while being able to connect to a sensitive bedwetting alarm system.\r\n<h4>The Product includes:<\/h4>\r\n2 x Pjama Treatment Unisecx Briefs Underwear\r\n1 x Pjama Bedwetting Alarm (Sensor and Speaker)\r\n<h4>MATERIAL<\/h4>\r\nThe Pjama Treatment Unisex Briefs are made of fabrics that are Oeko-Tex certified.\r\n<h4>WASHING<\/h4>\r\nWash and tumble dry product at maximum 60 degrees.\r\nPlease note that when you use Pjama Bedwetting Alarm with the product, be sure to snap off the small Pjama Sensor for Bedwetting Alarm connected to the briefs before washing.\r\n<h4>FOLLOW YOUR DEVELOPMENT WITH THE PJAMA APP AND PJAMA BEDWETTING CLINIC<\/h4>\r\nThe Pjama App includes several functionalities; you get access to the alarm function and can set different alarm signals, in the calendar you can log the progress and success, you can find general tips and advice to assist with the bedwetting treatment. It is also possible to set day alarms for the children who suffer from leakage even during the day. The Pjama app is free to download from <a href=\"https:\/\/play.google.com\/store\/apps\/details?id=com.pjama\">Google Play<\/a> or <a href=\"https:\/\/apps.apple.com\/us\/app\/pjama\/id1498084664\">App Store<\/a>.\r\n\r\nPjama Bedwetting Clinic gives you customized tips and advice during bedwetting treatment.\r\nDo not forget to record the outcome of the night in the Pjama App so that you can keep track of your, or your child's, progress.\r\n\r\nRead more about the Pjama App and <a href=\"https:\/\/pjama.eu\/bedwetting-clinic\/\">Bedwetting Clinic on our website.<\/a>\r\n<h4>TREATMENT IS A PROCESS WHERE MOTIVATION IS THE KEY<\/h4>\r\nPatience is the key! For a faster and long-term improvement, patience and motivation is needed. If you are a new Pjama user, it is good if you have your ultimate goal in mind - a dry bed without aids. If your end goal feels far away, you can set smaller goals along the way.\r\nAnd never forget that you will get through this!","_et_gb_content_width":""},"product_brand":[],"product_cat":[338,303,335,340],"product_tag":[],"class_list":{"0":"post-30141","1":"product","2":"type-product","3":"status-publish","4":"has-post-thumbnail","6":"product_cat-sangvatningslarm","7":"product_cat-barn-och-ungdomar","8":"product_cat-behandling-av-pjama","9":"product_cat-pjamadryguardians_2025","10":"product_shipping_class-eu","11":"pa_size-alder-10-12-ar","12":"pa_size-alder-5-6-ar","13":"pa_size-alder-6-8-ar","14":"pa_size-alder-8-10-ar","15":"pa_size-liten","17":"first","18":"instock","19":"taxable","20":"shipping-taxable","21":"purchasable","22":"product-type-composite"},"composite_virtual":false,"composite_layout":"single","composite_add_to_cart_form_location":"default","composite_editable_in_cart":false,"composite_sold_individually_context":"product","composite_shop_price_calc":"min_max","composite_components":[{"id":"1743166762","title":"Pjama S\u00e4ngv\u00e4tningslarm","description":"<p>Bedwetting Alarm with Speaker and Sensor.<\/p>\n","query_type":"product_ids","query_ids":[24636],"default_option_id":24636,"thumbnail_id":6376,"thumbnail_src":"https:\/\/pjama.eu\/wp-content\/uploads\/Pjama-alarm-600x400-1-300x300-1.jpeg","quantity_min":1,"quantity_max":1,"priced_individually":true,"shipped_individually":false,"optional":false,"discount":"","options_style":"dropdowns","pagination_style":"classic","display_prices":"absolute","show_sorting_options":false,"show_filtering_options":false,"attribute_filter_ids":[],"select_action":"view","product_title_visible":false,"product_descr_visible":false,"product_price_visible":true,"product_thumb_visible":true,"subtotal_visible_product":false,"subtotal_visible_cart":true,"subtotal_visible_orders":true},{"id":"1743166763","title":"Behandlingsinformation","description":"<p>Underkl\u00e4der f\u00f6r behandling av s\u00e4ngv\u00e4tning. Icke-absorberande. <\/p>\n","query_type":"product_ids","query_ids":[24649],"default_option_id":24649,"thumbnail_id":3729,"thumbnail_src":"https:\/\/pjama.eu\/wp-content\/uploads\/hipster-only.jpg","quantity_min":2,"quantity_max":6,"priced_individually":true,"shipped_individually":false,"optional":false,"discount":"","options_style":"dropdowns","pagination_style":"classic","display_prices":"absolute","show_sorting_options":false,"show_filtering_options":false,"attribute_filter_ids":[],"select_action":"view","product_title_visible":false,"product_descr_visible":false,"product_price_visible":true,"product_thumb_visible":true,"subtotal_visible_product":false,"subtotal_visible_cart":true,"subtotal_visible_orders":true}],"composite_scenarios":[],"_links":{"self":[{"href":"https:\/\/pjama.eu\/sv\/wp-json\/wp\/v2\/product\/30141","targetHints":{"allow":["GET"]}}],"collection":[{"href":"https:\/\/pjama.eu\/sv\/wp-json\/wp\/v2\/product"}],"about":[{"href":"https:\/\/pjama.eu\/sv\/wp-json\/wp\/v2\/types\/product"}],"wp:featuredmedia":[{"embeddable":true,"href":"https:\/\/pjama.eu\/sv\/wp-json\/wp\/v2\/media\/31184"}],"wp:attachment":[{"href":"https:\/\/pjama.eu\/sv\/wp-json\/wp\/v2\/media?parent=30141"}],"wp:term":[{"taxonomy":"product_brand","embeddable":true,"href":"https:\/\/pjama.eu\/sv\/wp-json\/wp\/v2\/product_brand?post=30141"},{"taxonomy":"product_cat","embeddable":true,"href":"https:\/\/pjama.eu\/sv\/wp-json\/wp\/v2\/product_cat?post=30141"},{"taxonomy":"product_tag","embeddable":true,"href":"https:\/\/pjama.eu\/sv\/wp-json\/wp\/v2\/product_tag?post=30141"}],"curies":[{"name":"wp","href":"https:\/\/api.w.org\/{rel}","templated":true}]}}