{"id":30149,"date":"2023-09-26T14:56:47","date_gmt":"2023-09-26T12:56:47","guid":{"rendered":"https:\/\/pjama.eu\/product\/pjama-dryguardians-for-man-boxershorts\/"},"modified":"2025-12-29T12:30:11","modified_gmt":"2025-12-29T11:30:11","slug":"pjama-dryguardians-for-man-boxershorts","status":"publish","type":"product","link":"https:\/\/pjama.eu\/sv\/produkt\/pjama-dryguardians-for-man-boxershorts\/","title":{"rendered":"Pjama DryGuardians &#8211; F\u00f6r m\u00e4n &#8211; Boxershorts"},"content":{"rendered":"<h3>Pjama DryGuardians &#8211; F\u00f6r m\u00e4n &#8211; Boxershorts<\/h3>\n<p>Pjama DryGuardians &#8211; For Men &#8211; Boxers \u00e4r den perfekta l\u00f6sningen f\u00f6r m\u00e4n som lider av s\u00e4ngv\u00e4tning (nocturnal enuresis). I kombination med DryGuardians App f\u00e5r du en effektiv och bekv\u00e4m behandling. Boxershortsen har inbyggda sensortr\u00e5dar som snabbt k\u00e4nner av fukt och aktiverar larmet, vilket hj\u00e4lper anv\u00e4ndaren att vakna och avbryta urineringen. DryGuardians-tj\u00e4nsten analyserar ocks\u00e5 s\u00e4ngv\u00e4tningsm\u00f6nster och ger personliga tips, r\u00e5d och f\u00f6ruts\u00e4gelser l\u00e4ngs v\u00e4gen.   <\/p>\n<p>Ladda ner DryGuardians-appen fr\u00e5n <a href=\"https:\/\/play.google.com\/store\/apps\/details?id=com.pjama&amp;hl=sv&amp;gl=SE\" target=\"_blank\" rel=\"noopener\">Google Play<\/a> eller <a href=\"https:\/\/apps.apple.com\/se\/app\/dryguardians\/id1498084664\" target=\"_blank\" rel=\"noopener\">App Store<\/a> f\u00f6r att f\u00f6lja utvecklingen och f\u00e5 skr\u00e4ddarsydd v\u00e4gledning.<\/p>\n<h4>Funktioner<\/h4>\n<p>Larmet \u00e4r utformat f\u00f6r b\u00e5de barn och vuxna och anses vara en f\u00f6rstahandsbehandling av enures. Sensorn ansluts till boxershortsen via tv\u00e5 sm\u00e5 knappar i midjebandet. Inbyggda sensortr\u00e5dar runt grenen s\u00e4kerst\u00e4ller tillf\u00f6rlitlig detektering oavsett sovposition. Detta g\u00f6r den s\u00e4rskilt effektiv f\u00f6r m\u00e4n, d\u00e4r urinfl\u00f6det och kontaktpunkterna kan variera.   <\/p>\n<h4>Anv\u00e4ndning<\/h4>\n<p>Boxershortsen \u00e4r lika bekv\u00e4ma att b\u00e4ra som vanliga underkl\u00e4der, vilket g\u00f6r dem idealiska f\u00f6r diskret behandling. <strong>Obs: Denna produkt absorberar inte v\u00e4tska<\/strong>.<br \/>\nF\u00f6r ytterligare s\u00e4ngskydd kan behandlingssatsen kombineras med <a href=\"https:\/\/pjama.eu\/sv\/produkt\/pjama-protect-sangvatningsshorts-for-vuxna\/\">Pjama absorberande s\u00e4ngv\u00e4tningsunderkl\u00e4der<\/a>. <\/p>\n<ul>\n<li>2 \u00d7 Pjama DryGuardians &#8211; F\u00f6r m\u00e4n &#8211; Boxershorts<\/li>\n<li>1 \u00d7 Pjama DryGuardians S\u00e4ngv\u00e4tningslarm Set (sensor och ljudenhet)<\/li>\n<\/ul>\n<p>F\u00e4st sensorn i midjebandet och starta larmet. Om en olycka intr\u00e4ffar detekterar tr\u00e5darna fukt och aktiverar larmet. Larmet kan stoppas med ON\/OFF-knappen. DryGuardians-appen ansluts automatiskt n\u00e4r den \u00f6ppnas p\u00e5 din smartphone.   <\/p>\n<h4>Funktioner och f\u00f6rdelar<\/h4>\n<ul>\n<li><strong>Effektiv behandling:<\/strong> Hj\u00e4lper vuxna och barn med nattlig enures.<\/li>\n<li><strong>Diskret:<\/strong> Ansluts till DryGuardians app f\u00f6r tyst behandling var som helst.<\/li>\n<li><strong>USB-laddning:<\/strong> Enkel laddning med USB.<\/li>\n<li><strong>Tr\u00e5dl\u00f6s:<\/strong> Larmenheten fungerar upp till 10 meter fr\u00e5n sensorn.<\/li>\n<li><strong>Aviseringar via telefon:<\/strong> F\u00e5 aviseringar direkt p\u00e5 din smartphone.<\/li>\n<li><strong>Tillf\u00f6rlitlig detektering:<\/strong> Stort sensoromr\u00e5de f\u00f6r s\u00e4ker detektering.<\/li>\n<li><strong>Bekv\u00e4m och mjuk:<\/strong> Oeko-Tex-certifierade tyger som \u00e4r skonsamma mot huden.<\/li>\n<li><strong>Slitstark:<\/strong> Tv\u00e4ttbar i 60\u00b0C och l\u00e4mplig f\u00f6r torktumling.<\/li>\n<\/ul>\n<p style=\"color: #666; font-size: 14px;\">Kom ih\u00e5g att ta bort Pjama Sensor f\u00f6re tv\u00e4tt.<\/p>\n<h4>DryGuardians app och s\u00e4ngv\u00e4tningsklinik<\/h4>\n<p>Med DryGuardians App kan anv\u00e4ndarna f\u00f6lja sina framsteg och f\u00e5 skr\u00e4ddarsydda rekommendationer som tagits fram med hj\u00e4lp av svensk v\u00e5rdexpertis. Den hj\u00e4lper till att uppr\u00e4tth\u00e5lla motivationen genom att logga resultat, identifiera trender och dela data med v\u00e5rdgivare vid behov. <\/p>\n<ul>\n<li>V\u00e4lj alarmljud direkt i appen.<\/li>\n<li>Logga nattliga resultat f\u00f6r att sp\u00e5ra f\u00f6rb\u00e4ttringar.<\/li>\n<li>F\u00e5 skr\u00e4ddarsytt st\u00f6d under behandlingen.<\/li>\n<li>St\u00e4ll in p\u00e5minnelser om toalettbes\u00f6k under dagen.<\/li>\n<\/ul>\n<p>Appen \u00e4r gratis att ladda ner fr\u00e5n <a href=\"https:\/\/play.google.com\/store\/apps\/details?id=com.pjama&amp;hl=sv&amp;gl=SE\" target=\"_blank\" rel=\"noopener\">Google Play<\/a> eller <a href=\"https:\/\/apps.apple.com\/se\/app\/dryguardians\/id1498084664\" target=\"_blank\" rel=\"noopener\">App Store<\/a>. L\u00e4s mer om v\u00e5r s\u00e4ngv\u00e4tningsklinik p\u00e5 v\u00e5r <a href=\"https:\/\/pjama.eu\/sv\/\">webbplats<\/a>. <\/p>\n<h4>Behandlingsprocessen &#8211; motivation och t\u00e5lamod \u00e4r nyckeln<\/h4>\n<p>Behandling av nattlig enures kr\u00e4ver motivation och t\u00e5lamod, s\u00e4rskilt under de f\u00f6rsta veckorna. Det ultimata m\u00e5let \u00e4r en torr s\u00e4ng utan hj\u00e4lpmedel, men det hj\u00e4lper att s\u00e4tta upp mindre milstolpar l\u00e4ngs v\u00e4gen. Med hj\u00e4lp av DryGuardians-appen kan du h\u00e5lla motivationen uppe, f\u00f6lja framstegen och f\u00e5 r\u00e5d som \u00e4r skr\u00e4ddarsydda f\u00f6r din resa. Detta g\u00f6r Pjama DryGuardians &#8211; For Men (Boxers) till en s\u00e4ker och effektiv l\u00f6sning f\u00f6r ett b\u00e4ttre vardagsliv.   <\/p>\n","protected":false},"excerpt":{"rendered":"<h3><span data-sheets-root=\"1\">Paket: Komplett behandlingssats f\u00f6r s\u00e4ngv\u00e4tning skr\u00e4ddarsydd f\u00f6r m\u00e4n &#8211; en del av DryGuardians-metoden<\/span><\/h3>\n<p>Pjama DryGuardians Underkl\u00e4der &#8211; F\u00f6r M\u00e4n &#8211; Boxers \u00e4r en komplett tj\u00e4nst som m\u00f6jligg\u00f6r effektiv och s\u00e4ker behandling av enures (s\u00e4ngv\u00e4tning) hos vuxna.<\/p>\n<ul>\n<li>Inneh\u00e5ller 2 \u00d7 Pjama DryGuardians &#8211; For Men &#8211; Boxers och 1 \u00d7 Pjama DryGuardians S\u00e4ngv\u00e4tningslarm Set (sensor och ljudenhet)<\/li>\n<li>Stort detektionsomr\u00e5de f\u00f6r s\u00e4ker och snabb respons vid s\u00e4ngv\u00e4tning.<\/li>\n<li>Lika mjuka och bekv\u00e4ma som vanliga underkl\u00e4der.<\/li>\n<li>Tv\u00e4ttas i maskin i 60\u00b0C och kan torktumlas.<\/li>\n<\/ul>\n<p>Ladda ner DryGuardians App, en kostnadsfri tj\u00e4nst f\u00f6r behandling av s\u00e4ngv\u00e4tning, fr\u00e5n <a href=\"https:\/\/play.google.com\/store\/apps\/details?id=com.pjama&amp;hl=sv&amp;gl=SE\" target=\"_blank\" rel=\"noopener\">Google Play<\/a> eller <a href=\"https:\/\/apps.apple.com\/se\/app\/dryguardians\/id1498084664\">App Store<\/a>.<\/p>\n","protected":false},"featured_media":31043,"template":"","meta":{"_et_pb_use_builder":"","_et_pb_old_content":"","_et_gb_content_width":""},"product_brand":[],"product_cat":[372],"product_tag":[],"class_list":{"0":"post-30149","1":"product","2":"type-product","3":"status-publish","4":"has-post-thumbnail","6":"product_cat-vuxen","7":"product_shipping_class-eu","8":"pa_size-alder-10-12-ar","9":"pa_size-alder-5-6-ar","10":"pa_size-alder-6-8-ar","11":"pa_size-alder-8-10-ar","12":"pa_size-liten","14":"first","15":"instock","16":"taxable","17":"shipping-taxable","18":"purchasable","19":"product-type-composite"},"composite_virtual":false,"composite_layout":"single","composite_add_to_cart_form_location":"default","composite_editable_in_cart":false,"composite_sold_individually_context":"product","composite_shop_price_calc":"min_max","composite_components":[{"id":"1743167139","title":"Pjama S\u00e4ngv\u00e4tningslarm","description":"<p>S\u00e4ngv\u00e4tningslarm med h\u00f6gtalare och sensor.  <\/p>\n","query_type":"product_ids","query_ids":[24636],"default_option_id":24636,"thumbnail_id":6376,"thumbnail_src":"https:\/\/pjama.eu\/wp-content\/uploads\/Pjama-alarm-600x400-1-300x300-1.jpeg","quantity_min":1,"quantity_max":1,"priced_individually":true,"shipped_individually":false,"optional":false,"discount":"","options_style":"dropdowns","pagination_style":"classic","display_prices":"absolute","show_sorting_options":false,"show_filtering_options":false,"attribute_filter_ids":[],"select_action":"view","product_title_visible":false,"product_descr_visible":false,"product_price_visible":true,"product_thumb_visible":true,"subtotal_visible_product":false,"subtotal_visible_cart":true,"subtotal_visible_orders":true},{"id":"1743167140","title":"Behandling Boxerkalsonger","description":"<p>Boxerkalsonger f\u00f6r behandling av s\u00e4ngv\u00e4tning. Icke-absorberande. <\/p>\n","query_type":"product_ids","query_ids":[24877],"default_option_id":24877,"thumbnail_id":3726,"thumbnail_src":"https:\/\/pjama.eu\/wp-content\/uploads\/Boxer-underwear.jpg","quantity_min":2,"quantity_max":9,"priced_individually":true,"shipped_individually":false,"optional":false,"discount":"","options_style":"dropdowns","pagination_style":"classic","display_prices":"absolute","show_sorting_options":false,"show_filtering_options":false,"attribute_filter_ids":[],"select_action":"view","product_title_visible":false,"product_descr_visible":false,"product_price_visible":true,"product_thumb_visible":true,"subtotal_visible_product":false,"subtotal_visible_cart":true,"subtotal_visible_orders":true}],"composite_scenarios":[],"_links":{"self":[{"href":"https:\/\/pjama.eu\/sv\/wp-json\/wp\/v2\/product\/30149","targetHints":{"allow":["GET"]}}],"collection":[{"href":"https:\/\/pjama.eu\/sv\/wp-json\/wp\/v2\/product"}],"about":[{"href":"https:\/\/pjama.eu\/sv\/wp-json\/wp\/v2\/types\/product"}],"wp:featuredmedia":[{"embeddable":true,"href":"https:\/\/pjama.eu\/sv\/wp-json\/wp\/v2\/media\/31043"}],"wp:attachment":[{"href":"https:\/\/pjama.eu\/sv\/wp-json\/wp\/v2\/media?parent=30149"}],"wp:term":[{"taxonomy":"product_brand","embeddable":true,"href":"https:\/\/pjama.eu\/sv\/wp-json\/wp\/v2\/product_brand?post=30149"},{"taxonomy":"product_cat","embeddable":true,"href":"https:\/\/pjama.eu\/sv\/wp-json\/wp\/v2\/product_cat?post=30149"},{"taxonomy":"product_tag","embeddable":true,"href":"https:\/\/pjama.eu\/sv\/wp-json\/wp\/v2\/product_tag?post=30149"}],"curies":[{"name":"wp","href":"https:\/\/api.w.org\/{rel}","templated":true}]}}