{"id":30161,"date":"2021-02-01T11:59:38","date_gmt":"2021-02-01T10:59:38","guid":{"rendered":"https:\/\/pjama.eu\/product\/pjama-dryguardians-underklader-och-larmkit-boxers\/"},"modified":"2025-12-29T15:48:41","modified_gmt":"2025-12-29T14:48:41","slug":"pjama-dryguardians-underklader-och-larmkit-boxers","status":"publish","type":"product","link":"https:\/\/pjama.eu\/sv\/produkt\/pjama-dryguardians-underklader-och-larmkit-boxers\/","title":{"rendered":"Pjama DryGuardians Underkl\u00e4der- och larmkit &#8211; Boxers"},"content":{"rendered":"<h3>Pjama DryGuardians &#8211; Underkl\u00e4des- och larmkit &#8211; Boxers &#8211; Effektiv behandling med S\u00e4ngv\u00e4tningslarm f\u00f6r pojkar<\/h3>\n<p>Pjama DryGuardians &#8211; Underkl\u00e4des- och larmkit &#8211; Boxers \u00e4r den perfekta l\u00f6sningen f\u00f6r pojkar som lider av s\u00e4ngv\u00e4tning (nocturnal enuresis). I kombination med v\u00e5r DryGuardians-app f\u00e5r du en effektiv och bekv\u00e4m behandling mot s\u00e4ngv\u00e4tning. Dessa underkl\u00e4der f\u00f6r s\u00e4ngv\u00e4tning har insydda sensortr\u00e5dar som snabbt uppt\u00e4cker fukt och aktiverar S\u00e4ngv\u00e4tningslarmet f\u00f6r att hj\u00e4lpa barnet att vakna och sluta kissa. DryGuardians behandlingstj\u00e4nst analyserar s\u00e4ngv\u00e4tning och ger skr\u00e4ddarsydda tips, r\u00e5d och f\u00f6ruts\u00e4gelser l\u00e4ngs v\u00e4gen.   <\/p>\n<p>Ladda ner appen DryGuardians fr\u00e5n <a href=\"https:\/\/play.google.com\/store\/apps\/details?id=com.pjama&amp;hl=sv&amp;gl=SE\" target=\"_blank\" rel=\"noopener\">Google Play<\/a> eller <a href=\"https:\/\/apps.apple.com\/se\/app\/dryguardians\/id1498084664\" target=\"_blank\" rel=\"noopener\">App Store<\/a> f\u00f6r att f\u00f6lja utvecklingen och f\u00e5 personlig v\u00e4gledning under hela behandlingen av nattlig enures.<\/p>\n<h4>Funktioner<\/h4>\n<p>S\u00e4ngv\u00e4tningslarmet \u00e4r utformat f\u00f6r att hj\u00e4lpa b\u00e5de barn och vuxna med s\u00e4ngv\u00e4tning och fungerar som en f\u00f6rsta linjens behandling av enures. Sensorn som sitter p\u00e5 Pjamas underkl\u00e4der \u00e4r ansluten till en larmenhet som aktiveras n\u00e4r den k\u00e4nner av fukt. Denna behandling med S\u00e4ngv\u00e4tningslarm fungerar genom att omedelbart stoppa s\u00e4ngv\u00e4tningen och tr\u00e4na hj\u00e4rnan att reagera p\u00e5 kroppens signaler.  <\/p>\n<p>Pjama DryGuardians &#8211; Underkl\u00e4des- och larmkit &#8211; Boxers \u00e4r speciellt utformade f\u00f6r pojkars anatomi och m\u00e5lomr\u00e5det f\u00f6r urinstr\u00f6mmen. Boxershortsen \u00e4r utrustade med tv\u00e5 sm\u00e5 knappar i midjan d\u00e4r du enkelt kan f\u00e4sta sensorn fr\u00e5n S\u00e4ngv\u00e4tningslarmet. Insydda sensortr\u00e5dar runt grenen g\u00f6r att larmsystemet enkelt kan uppt\u00e4cka fukt och snabbt aktivera ett S\u00e4ngv\u00e4tningslarm, vilket effektivt och s\u00e4kert behandlar nattlig enures.  <\/p>\n<p>De insydda sensortr\u00e5darna i Pjama DryGuardians Underkl\u00e4der- och larmkit &#8211; Boxers \u00f6kar m\u00e5lomr\u00e5det och f\u00f6rb\u00e4ttrar detektionsnoggrannheten. Det inneb\u00e4r att oavsett var urinen landar eller vilken sovst\u00e4llning ditt barn har, kommer larmet s\u00e4kert att uppt\u00e4cka s\u00e4ngv\u00e4tning. Detta kan vara s\u00e4rskilt v\u00e4rdefullt f\u00f6r pojkar, eftersom det omr\u00e5de d\u00e4r urinen f\u00f6rst kommer i kontakt ofta varierar.  <\/p>\n<h4>Anv\u00e4ndning<\/h4>\n<p>Att b\u00e4ra Pjama DryGuardians Underkl\u00e4der &#8211; Boxers \u00e4r lika bekv\u00e4mt som att b\u00e4ra vanliga underkl\u00e4der, vilket g\u00f6r dem idealiska f\u00f6r barn som lider av s\u00e4ngv\u00e4tning. Pjama DryGuardians &#8211; Underkl\u00e4des- och larmkit &#8211; Boxers f\u00f6r nattlig enures absorberar inte v\u00e4tska. Behandlingen fokuserar p\u00e5 att bryta vanan att urinera i s\u00e4ngen.  <\/p>\n<p>Paketet inneh\u00e5ller:<\/p>\n<ul>\n<li>2 x Pjama DryGuardians &#8211; Underkl\u00e4der &#8211; Boxershorts<\/li>\n<li>1 x Pjama DryGuardians S\u00e4ngv\u00e4tningslarm Set (sensor och ljudenhet)<\/li>\n<\/ul>\n<p>F\u00e4st bara sensorn p\u00e5 den fr\u00e4mre linningen p\u00e5 dina Pjama DryGuardians Underkl\u00e4der och starta S\u00e4ngv\u00e4tningslarmet, s\u00e5 \u00e4r du redo att p\u00e5b\u00f6rja behandlingen! Placera S\u00e4ngv\u00e4tningslarmet n\u00e4ra s\u00e4ngen.<br \/>\nOm du eller ditt barn kissar i s\u00e4ngen kommer de k\u00e4nsliga insydda sensortr\u00e5darna i underkl\u00e4derna snabbt att aktivera larmet. Du eller ditt barn kan enkelt stoppa larmet genom att trycka p\u00e5 &#8221;ON\/OFF-knappen&#8221; p\u00e5 toppen av larmenheten och sedan g\u00e5 till badrummet f\u00f6r att kissa.  <\/p>\n<p>F\u00f6r att anv\u00e4nda S\u00e4ngv\u00e4tningslarmet med din smartphone och ta del av behandlingstj\u00e4nsten, ladda ner DryGuardians App. Larmet ansluts automatiskt till DryGuardians-appen n\u00e4r den \u00e4r \u00f6ppen p\u00e5 din telefon. <\/p>\n<h4>Sk\u00f6tsel av sensorer<\/h4>\n<p><span style=\"font-weight: 400;\">F\u00f6r b\u00e4sta prestanda ska sensorn alltid tas bort och torkas efter anv\u00e4ndning.<\/span><span style=\"font-weight: 400;\"><br \/>\n<\/span><span style=\"font-weight: 400;\">Undvik att l\u00e5ta den sitta fast p\u00e5 ett v\u00e5tt plagg &#8211; det f\u00f6rhindrar korrosion och f\u00f6rl\u00e4nger batteriets livsl\u00e4ngd.<\/span><\/p>\n<h4>Egenskaper och f\u00f6rdelar med Pjama DryGuardians Underkl\u00e4der- och larmkit &#8211; Boxers<\/h4>\n<ul>\n<li><strong>Effektiv behandling:<\/strong> Hj\u00e4lper mot nattlig enures hos barn.<\/li>\n<li><strong>Anpassad f\u00f6r \u00f6vernattning:<\/strong> Anv\u00e4nd din smartphone och DryGuardians app f\u00f6r diskret behandling.<\/li>\n<li><strong>Laddning via USB:<\/strong> Larmenheten laddas enkelt med en USB-laddare.<\/li>\n<li><strong>Tr\u00e5dl\u00f6st system:<\/strong> Larmenheten kan placeras upp till 10 meter fr\u00e5n sensorn.<\/li>\n<li><strong>Meddelanden till f\u00f6r\u00e4ldrar:<\/strong> Anslut S\u00e4ngv\u00e4tningslarmet till en f\u00f6r\u00e4lders mobiltelefon f\u00f6r att f\u00e5 meddelanden om l\u00e4ckage.<\/li>\n<li><strong>S\u00e4ker detektering:<\/strong> Stort m\u00e5lomr\u00e5de anpassat f\u00f6r urinfl\u00f6det.<\/li>\n<li><strong>Bekv\u00e4ma och mjuka:<\/strong> Tillverkad av h\u00f6gkvalitativa, Oeko-Tex-certifierade tyger som \u00e4r s\u00e4kra och skonsamma mot barns hud.<\/li>\n<li><strong>H\u00e5llbar:<\/strong> Tv\u00e4ttbar i 60 grader och kan torktumlas.<\/li>\n<\/ul>\n<p><span style=\"color: #666666; font-size: 14px;\">Kom ih\u00e5g att ta bort Pjama-sensorn f\u00f6r S\u00e4ngv\u00e4tningslarmet n\u00e4r den inte anv\u00e4nds och f\u00f6re tv\u00e4tt.<\/span><\/p>\n<h4>DryGuardians app och s\u00e4ngv\u00e4tningsklinik<\/h4>\n<p>Med appen DryGuardians kan du enkelt f\u00f6lja upp hur behandlingen av s\u00e4ngv\u00e4tning och nattlig enures fortskrider. DryGuardians ger f\u00f6ruts\u00e4gelser och rekommendationer som \u00e4r utvecklade tillsammans med den svenska sjukv\u00e5rden, anpassade till hur din behandling fortskrider och s\u00e4kerst\u00e4ller att den \u00e4r optimerad f\u00f6r dina specifika behov och framsteg. Logga alla olyckor och se trender \u00f6ver tid, vilket kan hj\u00e4lpa dig eller ditt barn att h\u00e5lla motivationen uppe. Den insamlade informationen \u00e4r ocks\u00e5 v\u00e4rdefull att dela med l\u00e4kare om ytterligare r\u00e5d beh\u00f6vs.   <\/p>\n<ul>\n<li>Anv\u00e4nd appen som en ljudenhet f\u00f6r ditt S\u00e4ngv\u00e4tningslarm och v\u00e4lj olika alarmljud.<\/li>\n<li>Logga in nattens resultat i kalendern f\u00f6r att f\u00f6lja framstegen och f\u00e5 personliga tips.<\/li>\n<li>F\u00e5 personlig r\u00e5dgivning och st\u00f6d under behandlingen av enures.<\/li>\n<li>St\u00e4ll in dagslarm som p\u00e5minner dig eller ditt barn om att g\u00e5 p\u00e5 toaletten.<\/li>\n<\/ul>\n<p>DryGuardians-appen \u00e4r gratis att ladda ner fr\u00e5n <a href=\"https:\/\/play.google.com\/store\/apps\/details?id=com.pjama&amp;hl=sv&amp;gl=SE\" target=\"_blank\" rel=\"noopener\">Google Play<\/a> eller <a href=\"https:\/\/apps.apple.com\/se\/app\/dryguardians\/id1498084664\" target=\"_blank\" rel=\"noopener\">App Store<\/a>. L\u00e4s mer om v\u00e5r s\u00e4ngv\u00e4tningsklinik och hur vi kan hj\u00e4lpa dig eller ditt barn p\u00e5 v\u00e5r <a href=\"https:\/\/pjama.eu\/sv\/\">webbplats<\/a>.<\/p>\n<h4>Behandlingsprocessen &#8211; motivation och t\u00e5lamod \u00e4r nyckeln<\/h4>\n<p>Behandling av nattlig enures kr\u00e4ver motivation och t\u00e5lamod, s\u00e4rskilt under de f\u00f6rsta veckorna. F\u00f6r b\u00e5de barn och f\u00f6r\u00e4ldrar \u00e4r det viktigt att s\u00e4tta upp realistiska m\u00e5l och fira framstegen. Kom ih\u00e5g att m\u00e5let \u00e4r en torr s\u00e4ng utan hj\u00e4lp, och v\u00e4gen dit kan g\u00f6ras enklare med hj\u00e4lp av verktyg som DryGuardians for Boys.  <\/p>\n<p>Som f\u00f6r\u00e4lder kan du h\u00e5lla ditt barn motiverat genom att ge positiv feedback och komplimanger. Med hj\u00e4lp av <em>DryGuardians app<\/em> kan du f\u00e5 tips och r\u00e5d som \u00e4r anpassade till dina behandlingsframsteg. Det h\u00e4r \u00e4r ett s\u00e4kert och effektivt s\u00e4tt att f\u00f6rb\u00e4ttra vardagen f\u00f6r barn och vuxna som lider av enures.  <\/p>\n<p>\u00a9 2024 Pjama.<\/p>\n","protected":false},"excerpt":{"rendered":"<h3>Pjama DryGuardians Underkl\u00e4der- och larmkit &#8211; Boxers<\/h3>\n<p>Pjama DryGuardians &#8211; Underkl\u00e4des- och larmkit &#8211; Boxers \u00e4r en komplett tj\u00e4nst som m\u00f6jligg\u00f6r effektiv och s\u00e4ker behandling av enures (s\u00e4ngv\u00e4tning).<\/p>\n<ul>\n<li>Inneh\u00e5ller 2 x Pjama DryGuardians Underkl\u00e4der &#8211; Boxer och 1 x Pjama DryGuardians kompletta S\u00e4ngv\u00e4tningslarm (sensor och ljudenhet)<\/li>\n<li>Stort m\u00e5lomr\u00e5de f\u00f6r snabb och s\u00e4ker hantering av s\u00e4ngv\u00e4tning.<\/li>\n<li>Lika mjuka och bekv\u00e4ma som vanliga boxerkalsonger.<\/li>\n<li>Tv\u00e4ttas i maskin i 60\u00b0C och kan torktumlas.<\/li>\n<\/ul>\n<p>Ladda ner DryGuardians App, en gratis behandlingstj\u00e4nst f\u00f6r s\u00e4ngv\u00e4tare, fr\u00e5n <a href=\"https:\/\/play.google.com\/store\/apps\/details?id=com.pjama&amp;hl=sv&amp;gl=SE\">Google Play<\/a> eller <a href=\"https:\/\/apps.apple.com\/se\/app\/dryguardians\/id1498084664\" target=\"_blank\" rel=\"noopener\">App Store<\/a>.<\/p>\n","protected":false},"featured_media":31153,"template":"","meta":{"_et_pb_use_builder":"","_et_pb_old_content":"","_et_gb_content_width":""},"product_brand":[],"product_cat":[338,303,335,340],"product_tag":[],"class_list":{"0":"post-30161","1":"product","2":"type-product","3":"status-publish","4":"has-post-thumbnail","6":"product_cat-sangvatningslarm","7":"product_cat-barn-och-ungdomar","8":"product_cat-behandling-av-pjama","9":"product_cat-pjamadryguardians_2025","10":"product_shipping_class-eu","11":"pa_size-alder-10-12-ar","12":"pa_size-alder-5-6-ar","13":"pa_size-alder-6-8-ar","14":"pa_size-alder-8-10-ar","15":"pa_size-liten","17":"first","18":"instock","19":"taxable","20":"shipping-taxable","21":"purchasable","22":"product-type-composite"},"composite_virtual":false,"composite_layout":"single","composite_add_to_cart_form_location":"default","composite_editable_in_cart":false,"composite_sold_individually_context":"product","composite_shop_price_calc":"min_max","composite_components":[{"id":"1743167486","title":"Pjama S\u00e4ngv\u00e4tningslarm","description":"<p>S\u00e4ngv\u00e4tningslarm med h\u00f6gtalare och sensor.  <\/p>\n","query_type":"product_ids","query_ids":[24636],"default_option_id":24636,"thumbnail_id":6376,"thumbnail_src":"https:\/\/pjama.eu\/wp-content\/uploads\/Pjama-alarm-600x400-1-300x300-1.jpeg","quantity_min":1,"quantity_max":1,"priced_individually":true,"shipped_individually":false,"optional":false,"discount":"","options_style":"dropdowns","pagination_style":"classic","display_prices":"absolute","show_sorting_options":false,"show_filtering_options":false,"attribute_filter_ids":[],"select_action":"view","product_title_visible":false,"product_descr_visible":false,"product_price_visible":true,"product_thumb_visible":true,"subtotal_visible_product":false,"subtotal_visible_cart":true,"subtotal_visible_orders":true},{"id":"1743167487","title":"Behandling Boxerkalsonger","description":"<p>Boxerkalsonger f\u00f6r behandling av s\u00e4ngv\u00e4tning. Icke-absorberande. <\/p>\n","query_type":"product_ids","query_ids":[24877],"default_option_id":24877,"thumbnail_id":3726,"thumbnail_src":"https:\/\/pjama.eu\/wp-content\/uploads\/Boxer-underwear.jpg","quantity_min":2,"quantity_max":9,"priced_individually":true,"shipped_individually":false,"optional":false,"discount":"","options_style":"dropdowns","pagination_style":"classic","display_prices":"absolute","show_sorting_options":false,"show_filtering_options":false,"attribute_filter_ids":[],"select_action":"view","product_title_visible":false,"product_descr_visible":false,"product_price_visible":true,"product_thumb_visible":true,"subtotal_visible_product":false,"subtotal_visible_cart":true,"subtotal_visible_orders":true}],"composite_scenarios":[],"_links":{"self":[{"href":"https:\/\/pjama.eu\/sv\/wp-json\/wp\/v2\/product\/30161","targetHints":{"allow":["GET"]}}],"collection":[{"href":"https:\/\/pjama.eu\/sv\/wp-json\/wp\/v2\/product"}],"about":[{"href":"https:\/\/pjama.eu\/sv\/wp-json\/wp\/v2\/types\/product"}],"wp:featuredmedia":[{"embeddable":true,"href":"https:\/\/pjama.eu\/sv\/wp-json\/wp\/v2\/media\/31153"}],"wp:attachment":[{"href":"https:\/\/pjama.eu\/sv\/wp-json\/wp\/v2\/media?parent=30161"}],"wp:term":[{"taxonomy":"product_brand","embeddable":true,"href":"https:\/\/pjama.eu\/sv\/wp-json\/wp\/v2\/product_brand?post=30161"},{"taxonomy":"product_cat","embeddable":true,"href":"https:\/\/pjama.eu\/sv\/wp-json\/wp\/v2\/product_cat?post=30161"},{"taxonomy":"product_tag","embeddable":true,"href":"https:\/\/pjama.eu\/sv\/wp-json\/wp\/v2\/product_tag?post=30161"}],"curies":[{"name":"wp","href":"https:\/\/api.w.org\/{rel}","templated":true}]}}